{"id":530,"date":"2023-09-21T16:06:43","date_gmt":"2023-09-21T14:06:43","guid":{"rendered":"https:\/\/maine-coon.lu\/?page_id=530"},"modified":"2023-09-28T19:02:42","modified_gmt":"2023-09-28T17:02:42","slug":"elementor-530","status":"publish","type":"page","link":"https:\/\/maine-coon.lu\/index.php\/fr\/elementor-530\/","title":{"rendered":"Contact-FR"},"content":{"rendered":"\t\t<div data-elementor-type=\"wp-page\" data-elementor-id=\"530\" class=\"elementor elementor-530\">\n\t\t\t\t<div class=\"elementor-element elementor-element-812aa0b e-flex e-con-boxed e-con e-parent\" data-id=\"812aa0b\" data-element_type=\"container\">\n\t\t\t\t\t<div class=\"e-con-inner\">\n\t\t\t\t<div class=\"elementor-element elementor-element-a2ae38c animated-slow elementor-invisible elementor-widget elementor-widget-heading\" data-id=\"a2ae38c\" data-element_type=\"widget\" data-settings=\"{&quot;_animation&quot;:&quot;slideInUp&quot;}\" data-widget_type=\"heading.default\">\n\t\t\t\t<div class=\"elementor-widget-container\">\n\t\t\t<h2 class=\"elementor-heading-title elementor-size-default\">contact<\/h2>\t\t<\/div>\n\t\t\t\t<\/div>\n\t\t\t\t\t<\/div>\n\t\t\t\t<\/div>\n\t\t<div class=\"elementor-element elementor-element-9c72122 e-flex e-con-boxed e-con e-parent\" data-id=\"9c72122\" data-element_type=\"container\">\n\t\t\t\t\t<div class=\"e-con-inner\">\n\t\t\t\t<div class=\"elementor-element elementor-element-d918767 elementor-widget__width-inherit elementor-widget elementor-widget-text-editor\" data-id=\"d918767\" data-element_type=\"widget\" data-widget_type=\"text-editor.default\">\n\t\t\t\t<div class=\"elementor-widget-container\">\n\t\t\t\t\t\t\t<p>Tom Mathgen<\/p><p>+352 691 29 11 69 (messages prefer\u00e9s)<\/p><p><a href=\"mailto:contact@maine-coon.lu\">contact@maine-coon.lu<\/a><\/p><p>L&rsquo;adresse physique de la chatterie se trouve en Allemagne \u00e0 c\u00f4t\u00e9 d&rsquo;Echternach (Luxembourg). Elle sera renseign\u00e9 si besoin.<\/p>\t\t\t\t\t\t<\/div>\n\t\t\t\t<\/div>\n\t\t\t\t\t<\/div>\n\t\t\t\t<\/div>\n\t\t\t\t<\/div>\n\t\t","protected":false},"excerpt":{"rendered":"<p>contact Tom Mathgen +352 691 29 11 69 (messages prefer\u00e9s) contact@maine-coon.lu L&#8217;adresse physique de la chatterie se trouve en Allemagne \u00e0 c\u00f4t\u00e9 d&#8217;Echternach (Luxembourg). Elle sera renseign\u00e9 si besoin.<\/p>\n","protected":false},"author":1,"featured_media":0,"parent":0,"menu_order":0,"comment_status":"closed","ping_status":"closed","template":"","meta":{"footnotes":""},"class_list":["post-530","page","type-page","status-publish","hentry"],"jetpack_sharing_enabled":true,"_links":{"self":[{"href":"https:\/\/maine-coon.lu\/index.php\/wp-json\/wp\/v2\/pages\/530","targetHints":{"allow":["GET"]}}],"collection":[{"href":"https:\/\/maine-coon.lu\/index.php\/wp-json\/wp\/v2\/pages"}],"about":[{"href":"https:\/\/maine-coon.lu\/index.php\/wp-json\/wp\/v2\/types\/page"}],"author":[{"embeddable":true,"href":"https:\/\/maine-coon.lu\/index.php\/wp-json\/wp\/v2\/users\/1"}],"replies":[{"embeddable":true,"href":"https:\/\/maine-coon.lu\/index.php\/wp-json\/wp\/v2\/comments?post=530"}],"version-history":[{"count":13,"href":"https:\/\/maine-coon.lu\/index.php\/wp-json\/wp\/v2\/pages\/530\/revisions"}],"predecessor-version":[{"id":885,"href":"https:\/\/maine-coon.lu\/index.php\/wp-json\/wp\/v2\/pages\/530\/revisions\/885"}],"wp:attachment":[{"href":"https:\/\/maine-coon.lu\/index.php\/wp-json\/wp\/v2\/media?parent=530"}],"curies":[{"name":"wp","href":"https:\/\/api.w.org\/{rel}","templated":true}]}}