{"id":699,"date":"2023-08-24T21:01:15","date_gmt":"2023-08-24T19:01:15","guid":{"rendered":"https:\/\/maine-coon.lu\/?page_id=699"},"modified":"2023-10-09T08:27:03","modified_gmt":"2023-10-09T06:27:03","slug":"elementor-699","status":"publish","type":"page","link":"https:\/\/maine-coon.lu\/index.php\/de\/elementor-699\/","title":{"rendered":"Litters-DE"},"content":{"rendered":"\t\t<div data-elementor-type=\"wp-page\" data-elementor-id=\"699\" class=\"elementor elementor-699\">\n\t\t\t\t<div class=\"elementor-element elementor-element-e14813e e-flex e-con-boxed e-con e-parent\" data-id=\"e14813e\" data-element_type=\"container\">\n\t\t\t\t\t<div class=\"e-con-inner\">\n\t\t\t\t<div class=\"elementor-element elementor-element-9bec948 animated-slow elementor-invisible elementor-widget elementor-widget-heading\" data-id=\"9bec948\" data-element_type=\"widget\" data-settings=\"{&quot;_animation&quot;:&quot;slideInUp&quot;}\" data-widget_type=\"heading.default\">\n\t\t\t\t<div class=\"elementor-widget-container\">\n\t\t\t<h2 class=\"elementor-heading-title elementor-size-default\">W\u00fcrfe<\/h2>\t\t<\/div>\n\t\t\t\t<\/div>\n\t\t\t\t<div class=\"elementor-element elementor-element-2b84a8a elementor-widget__width-inherit elementor-position-top elementor-widget elementor-widget-image-box\" data-id=\"2b84a8a\" data-element_type=\"widget\" data-widget_type=\"image-box.default\">\n\t\t\t\t<div class=\"elementor-widget-container\">\n\t\t\t<div class=\"elementor-image-box-wrapper\"><figure class=\"elementor-image-box-img\"><img fetchpriority=\"high\" decoding=\"async\" width=\"1864\" height=\"1344\" src=\"https:\/\/i0.wp.com\/maine-coon.lu\/wp-content\/uploads\/2023\/08\/img_8251-e1693211680469.jpg?fit=1864%2C1344&amp;ssl=1\" class=\"attachment-full size-full wp-image-427\" alt=\"\" srcset=\"https:\/\/i0.wp.com\/maine-coon.lu\/wp-content\/uploads\/2023\/08\/img_8251-e1693211680469.jpg?w=1864&amp;ssl=1 1864w, https:\/\/i0.wp.com\/maine-coon.lu\/wp-content\/uploads\/2023\/08\/img_8251-e1693211680469.jpg?resize=300%2C216&amp;ssl=1 300w, https:\/\/i0.wp.com\/maine-coon.lu\/wp-content\/uploads\/2023\/08\/img_8251-e1693211680469.jpg?resize=1024%2C738&amp;ssl=1 1024w, https:\/\/i0.wp.com\/maine-coon.lu\/wp-content\/uploads\/2023\/08\/img_8251-e1693211680469.jpg?resize=768%2C554&amp;ssl=1 768w, https:\/\/i0.wp.com\/maine-coon.lu\/wp-content\/uploads\/2023\/08\/img_8251-e1693211680469.jpg?resize=1536%2C1108&amp;ssl=1 1536w, https:\/\/i0.wp.com\/maine-coon.lu\/wp-content\/uploads\/2023\/08\/img_8251-e1693211680469.jpg?w=1600&amp;ssl=1 1600w\" sizes=\"(max-width: 800px) 100vw, 800px\" \/><\/figure><\/div>\t\t<\/div>\n\t\t\t\t<\/div>\n\t\t\t\t<div class=\"elementor-element elementor-element-528c91b elementor-widget elementor-widget-text-editor\" data-id=\"528c91b\" data-element_type=\"widget\" data-widget_type=\"text-editor.default\">\n\t\t\t\t<div class=\"elementor-widget-container\">\n\t\t\t\t\t\t\t<p>Aktuelle und vorherige W\u00fcrfe befinden sich auf unserer <a href=\"https:\/\/www.facebook.com\/luzilinburug\">Facebook Seite<\/a>.<\/p><p><a href=\"https:\/\/www.facebook.com\/luzilinburug\/photos_albums\">Hier<\/a> klicken um alle verf\u00fcgbare Foto Alben zu sehen.<\/p>\t\t\t\t\t\t<\/div>\n\t\t\t\t<\/div>\n\t\t\t\t\t<\/div>\n\t\t\t\t<\/div>\n\t\t\t\t<\/div>\n\t\t","protected":false},"excerpt":{"rendered":"<p>W\u00fcrfe Aktuelle und vorherige W\u00fcrfe befinden sich auf unserer Facebook Seite. Hier klicken um alle verf\u00fcgbare Foto Alben zu sehen.<\/p>\n","protected":false},"author":1,"featured_media":0,"parent":0,"menu_order":0,"comment_status":"closed","ping_status":"closed","template":"","meta":{"footnotes":""},"class_list":["post-699","page","type-page","status-publish","hentry"],"jetpack_sharing_enabled":true,"_links":{"self":[{"href":"https:\/\/maine-coon.lu\/index.php\/wp-json\/wp\/v2\/pages\/699","targetHints":{"allow":["GET"]}}],"collection":[{"href":"https:\/\/maine-coon.lu\/index.php\/wp-json\/wp\/v2\/pages"}],"about":[{"href":"https:\/\/maine-coon.lu\/index.php\/wp-json\/wp\/v2\/types\/page"}],"author":[{"embeddable":true,"href":"https:\/\/maine-coon.lu\/index.php\/wp-json\/wp\/v2\/users\/1"}],"replies":[{"embeddable":true,"href":"https:\/\/maine-coon.lu\/index.php\/wp-json\/wp\/v2\/comments?post=699"}],"version-history":[{"count":9,"href":"https:\/\/maine-coon.lu\/index.php\/wp-json\/wp\/v2\/pages\/699\/revisions"}],"predecessor-version":[{"id":1027,"href":"https:\/\/maine-coon.lu\/index.php\/wp-json\/wp\/v2\/pages\/699\/revisions\/1027"}],"wp:attachment":[{"href":"https:\/\/maine-coon.lu\/index.php\/wp-json\/wp\/v2\/media?parent=699"}],"curies":[{"name":"wp","href":"https:\/\/api.w.org\/{rel}","templated":true}]}}