{"id":726,"date":"2023-08-24T21:39:15","date_gmt":"2023-08-24T19:39:15","guid":{"rendered":"https:\/\/maine-coon.lu\/?page_id=726"},"modified":"2025-04-06T09:54:19","modified_gmt":"2025-04-06T07:54:19","slug":"elementor-726","status":"publish","type":"page","link":"https:\/\/maine-coon.lu\/index.php\/fr\/elementor-726\/","title":{"rendered":"About-FR"},"content":{"rendered":"\t\t<div data-elementor-type=\"wp-page\" data-elementor-id=\"726\" class=\"elementor elementor-726\">\n\t\t\t\t<div class=\"elementor-element elementor-element-7f22a15e e-flex e-con-boxed e-con e-parent\" data-id=\"7f22a15e\" data-element_type=\"container\" data-settings=\"{&quot;background_background&quot;:&quot;classic&quot;}\">\n\t\t\t\t\t<div class=\"e-con-inner\">\n\t\t<div class=\"elementor-element elementor-element-6550ca3d e-flex e-con-boxed e-con e-child\" data-id=\"6550ca3d\" data-element_type=\"container\">\n\t\t\t\t\t<div class=\"e-con-inner\">\n\t\t\t\t<div class=\"elementor-element elementor-element-74edd4 animated-slow elementor-invisible elementor-widget elementor-widget-heading\" data-id=\"74edd4\" data-element_type=\"widget\" data-settings=\"{&quot;_animation&quot;:&quot;slideInUp&quot;}\" data-widget_type=\"heading.default\">\n\t\t\t\t<div class=\"elementor-widget-container\">\n\t\t\t<h2 class=\"elementor-heading-title elementor-size-default\">\u00c0 propos de la chatterie<\/h2>\t\t<\/div>\n\t\t\t\t<\/div>\n\t\t\t\t\t<\/div>\n\t\t\t\t<\/div>\n\t\t<div class=\"elementor-element elementor-element-e2bddc5 e-con-full e-flex e-con e-child\" data-id=\"e2bddc5\" data-element_type=\"container\">\n\t\t<div class=\"elementor-element elementor-element-109483cd e-con-full e-flex e-con e-child\" data-id=\"109483cd\" data-element_type=\"container\">\n\t\t\t\t<div class=\"elementor-element elementor-element-6fe49601 elementor-widget elementor-widget-heading\" data-id=\"6fe49601\" data-element_type=\"widget\" data-widget_type=\"heading.default\">\n\t\t\t\t<div class=\"elementor-widget-container\">\n\t\t\t<h3 class=\"elementor-heading-title elementor-size-default\">l'\u00e9quipe<\/h3>\t\t<\/div>\n\t\t\t\t<\/div>\n\t\t\t\t<div class=\"elementor-element elementor-element-49cbaec5 elementor-position-top elementor-widget elementor-widget-image-box\" data-id=\"49cbaec5\" data-element_type=\"widget\" data-widget_type=\"image-box.default\">\n\t\t\t\t<div class=\"elementor-widget-container\">\n\t\t\t<div class=\"elementor-image-box-wrapper\"><figure class=\"elementor-image-box-img\"><img fetchpriority=\"high\" decoding=\"async\" width=\"678\" height=\"601\" src=\"https:\/\/i0.wp.com\/maine-coon.lu\/wp-content\/uploads\/2023\/08\/DF9DE392-6F80-4F6E-AAD6-E43EA7E9A802-e1692907895672.jpeg?fit=678%2C601&amp;ssl=1\" class=\"attachment-full size-full wp-image-135\" alt=\"\" srcset=\"https:\/\/i0.wp.com\/maine-coon.lu\/wp-content\/uploads\/2023\/08\/DF9DE392-6F80-4F6E-AAD6-E43EA7E9A802-e1692907895672.jpeg?w=678&amp;ssl=1 678w, https:\/\/i0.wp.com\/maine-coon.lu\/wp-content\/uploads\/2023\/08\/DF9DE392-6F80-4F6E-AAD6-E43EA7E9A802-e1692907895672.jpeg?resize=300%2C266&amp;ssl=1 300w\" sizes=\"(max-width: 678px) 100vw, 678px\" \/><\/figure><div class=\"elementor-image-box-content\"><p class=\"elementor-image-box-description\">L'\u00e9quipe se constitue au fonds que de moi. \u00c9videmment, j'ai de l'aide d'ami(e)s qui s'occupent des chats quand je suis parti en expo et qui me donne aussi un coup de main pour le toilettage, ainsi que pour les derni\u00e8res retouches aux expo m\u00eames. \n<br><br>Certain ont du mal \u00e0 comprendre qu'un homme peut aussi g\u00e9rer une chatterie. Mais c'est comme \u00e7a. \ud83d\ude42 <br><br>Je suis membre du Kaze-Club L\u00ebtzebuerg asbl.<\/p><\/div><\/div>\t\t<\/div>\n\t\t\t\t<\/div>\n\t\t\t\t<\/div>\n\t\t<div class=\"elementor-element elementor-element-3f4d3c e-con-full e-flex e-con e-child\" data-id=\"3f4d3c\" data-element_type=\"container\">\n\t\t\t\t<div class=\"elementor-element elementor-element-2b6b1c8b elementor-widget elementor-widget-heading\" data-id=\"2b6b1c8b\" data-element_type=\"widget\" data-widget_type=\"heading.default\">\n\t\t\t\t<div class=\"elementor-widget-container\">\n\t\t\t<h3 class=\"elementor-heading-title elementor-size-default\">L'historique<\/h3>\t\t<\/div>\n\t\t\t\t<\/div>\n\t\t\t\t<div class=\"elementor-element elementor-element-30697fdd elementor-widget__width-auto elementor-widget elementor-widget-image-box\" data-id=\"30697fdd\" data-element_type=\"widget\" data-widget_type=\"image-box.default\">\n\t\t\t\t<div class=\"elementor-widget-container\">\n\t\t\t<div class=\"elementor-image-box-wrapper\"><div class=\"elementor-image-box-content\"><p class=\"elementor-image-box-description\">La chatterie a d\u00e9but\u00e9 en 2012 avec Cookie, un male qui a \u00e9t\u00e9 vol\u00e9 apr\u00e8s exactement 1 an. \n<br><br> \nEn D\u00e9cembre 2013, Qiara m'a rejoint. En Avril 2014, Maty s'est joint \u00e0 nous. Le couple parfait.\n <br><br>\nCoco, une femelle neutr\u00e9e abandonn\u00e9e nous a rejoint en mars 2015. Il s'est av\u00e9r\u00e9 que Coco \u00e9tait la soeur de Cookie. Elle avait l'habitude d'\u00eatre dehors et elle ne voulait pas passer sa vie enferm\u00e9e dans une maison. Apr\u00e8s quelques mois, elle a  choisi un nouveau domicile et vie chez des voisins depuis. Comme elle \u00e9tait dominante, elle ne suportait pas la pr\u00e9sence de Maty qui \u00e9tait un m\u00e2le et par cons\u00e9quent aussi dominant. \n <br><br>\nEn juillet 2015 j'ai eu ma premi\u00e8re port\u00e9e. De ce temps, probablement comme chaque \u00e9leveur d\u00e9butant, mes chats \u00e9taient choisi en fonction de leur couleur et non pas en fonctions de la couleur des ch\u00e2tons qui pourraient en r\u00e9sulter. <br>Ma premi\u00e8re port\u00e9e comportait un beau m\u00e2le. Je l'ai nomm\u00e9 Deo (court pour Amadeo). C'\u00e9tait un gar\u00e7on cr\u00e8me tr\u00e8s coustaud. Malheureusement, en juillet il a mang\u00e9 une fleur poisonneuse et il est mort bien trop jeune. Il n\u00e9taiit que le p\u00e8re de 2 port\u00e9es. M\u00eame \u00e0 ce jour, j'ai encore des larmes aux yeux si je pense \u00e0 luil. Il \u00e9tait le fils parfait. \n <br><br>\nComme Qiara ne venait pas directement de son \u00e9leveur et comme elle n'\u00e9tait plus la plus jeune puisqu'elle est n\u00e9e en 2008, je me suis mis \u00e0 rechercher une autre femelle en juillet 2016. J'ai trouv\u00e9 Nita et Ibi. Puisque je ne pouvait pas me d\u00e9cider, les deux ont rejoint la chatterie.\n <br><br>\nEnsuite, et par pure chance, j'ai trouv\u00e9 Gloria en 2017. Une femelle cr\u00e8me tabby blotched qui recherchait une famille. Il ne lui fallait pas beaucoup de temps, ni d'efforts pour me convaincre qu'elle allait bient\u00f4t am\u00e9nager chez moi. Ca s'est fait en octobre 2017. \n <br><br>\nEn november 2018 j'ai \u00e9chang\u00e9 une de mes filles b\u00e9b\u00e9 contre une faille b\u00e9b\u00e9 d'une autre \u00e9leveuse. Bienvenue, Nelly.\n<br><br>\nMa toute premi\u00e8re exposition f\u00e9line \u00e9tait \u00e0 Soleuvre, Luxembourg en mai 2019. C'est comme \u00e7a que cette agr\u00e9able et importante partie de l'\u00e9levage a commenc\u00e9 pour moi. S'ajoutait \u00e0 la couleur le standart de la race. \n<br><br>\nEn janvier 2020 Mogwai est n\u00e9e ici et elle \u00e9tait bien trop belle pour la laisser partir. Je l'ai gard\u00e9 dans la chatterie. \n <br><br>\nLe successeur de Maty, Callisto a am\u00e9nag\u00e9 en october 2020 \u00e9tant un petit jeune. \n <br><br>\nSky est n\u00e9e en d\u00e9cembre 2020 et elle est rest\u00e9 dans le groupe. Elle est une des derni\u00e8res prog\u00e9nitures ayant Maty comme p\u00e8re. \n<br<br>>\nComme planifi\u00e9 et aussi puisqu'\u00e0 cet instatn plusieurs de ses filles faisaient partie de la chatterie, Maty a pris sa retraite en janvier 2021. Il a pu rejoindre une gentille famille qui s'est occup\u00e9 de lui jusqu'\u00e0 ce qu'il fasse un AVC en Juillet 2021.\n<br><br> \nMogwai est devenue maman pour la premi\u00e8re fois en d\u00e9cembre 2021. Une port\u00e9e magnifique. Chacun d'eux \u00e9tait tr\u00e8s beau. Malheureusement, tr\u00e8s peu apr\u00e8s la naissance, Mogwai a eu une mastite. Malgr\u00e9 le traitement, elle a du se faire amputer la majeure partie de ses glandes mamaires. Elle a \u00e9t\u00e9 st\u00e9rilis\u00e9 pendant la m\u00eame op\u00e9ration. La port\u00e9e a surv\u00e9cu comme il y avait une autre port\u00e9e dans la maison qui avait 2 semaines de plus. \n <br><br>\nEn mars 2022 Gloria a eu sa pemi\u00e8re port\u00e9e, Callisto \u00e9tant le p\u00e8re. Une port\u00e9e toute rousse. Yasimina est rest\u00e9 et devenue une tr\u00e8s bonne addition au groupe des filles. \n<br><br>\n2 gar\u00e7ons et 1 fille de la litti\u00e8re de november 2022 ont \u00e9t\u00e9 choisi pour rester. Il s'agit de Abacus Ray, Baba Cool et Astana Magic.\n<br><br>\nEn March 2023, Daisy, une fille de Deo et Ibi a du revenir \u00e0 la chatterie comme le fils de sa famille a commenc\u00e9 \u00e0 faire une allergie aux poils de chats. J'\u00e9tais tr\u00e8s heureux de l'avoir avec moi \u00e0 nouveau comme c'est une fille de Deo qui est mort si tragiquement.\n<br><br>\nJusqu'\u00e0 pr\u00e9sent, j'ai probablement eu 38 port\u00e9es et environ 130 ch\u00e2tons qui sont n\u00e9s chez moi. J'ai commenc\u00e9 les noms des chats avec A et l\u00e0 j'ai recommenc\u00e9 l'alphabet pour la 2e fois. Pour ceux qui font le compte maintenant et se rendent compte que \u00e7a ne fait pas 38: j'ai aussi mis au monde des port\u00e9es d'amies qui ne sont \u00e9videmment pas repris dans mon chois de premi\u00e8re lettre de nom de chat. \n <br><br>\nAutant la joi que la mis\u00e8re font partie de l'\u00e9levage. Ce n'est pas toujours beau et parfois carr\u00e9ment tragique, mais pour rien au monde, je voudrait me passer d'avoir des petites boules de fourure autour de moi et d'avoir la sensation d'\u00eatre le daddy de ceux qui vivent avec moi et le nouveau daddy pour ceux qui naissent ici. <\/p><\/div><\/div>\t\t<\/div>\n\t\t\t\t<\/div>\n\t\t\t\t<\/div>\n\t\t\t\t<\/div>\n\t\t\t\t\t<\/div>\n\t\t\t\t<\/div>\n\t\t\t\t<\/div>\n\t\t","protected":false},"excerpt":{"rendered":"<p>\u00c0 propos de la chatterie l&#8217;\u00e9quipe L&#8217;\u00e9quipe se constitue au fonds que de moi. \u00c9videmment, j&#8217;ai de l&#8217;aide d&#8217;ami(e)s qui s&#8217;occupent des chats quand je suis parti en expo et qui me donne aussi un coup de main pour le toilettage, ainsi que pour les derni\u00e8res retouches aux expo m\u00eames. Certain ont du mal \u00e0 [&hellip;]<\/p>\n","protected":false},"author":1,"featured_media":0,"parent":0,"menu_order":0,"comment_status":"closed","ping_status":"closed","template":"","meta":{"footnotes":""},"class_list":["post-726","page","type-page","status-publish","hentry"],"jetpack_sharing_enabled":true,"_links":{"self":[{"href":"https:\/\/maine-coon.lu\/index.php\/wp-json\/wp\/v2\/pages\/726","targetHints":{"allow":["GET"]}}],"collection":[{"href":"https:\/\/maine-coon.lu\/index.php\/wp-json\/wp\/v2\/pages"}],"about":[{"href":"https:\/\/maine-coon.lu\/index.php\/wp-json\/wp\/v2\/types\/page"}],"author":[{"embeddable":true,"href":"https:\/\/maine-coon.lu\/index.php\/wp-json\/wp\/v2\/users\/1"}],"replies":[{"embeddable":true,"href":"https:\/\/maine-coon.lu\/index.php\/wp-json\/wp\/v2\/comments?post=726"}],"version-history":[{"count":30,"href":"https:\/\/maine-coon.lu\/index.php\/wp-json\/wp\/v2\/pages\/726\/revisions"}],"predecessor-version":[{"id":1410,"href":"https:\/\/maine-coon.lu\/index.php\/wp-json\/wp\/v2\/pages\/726\/revisions\/1410"}],"wp:attachment":[{"href":"https:\/\/maine-coon.lu\/index.php\/wp-json\/wp\/v2\/media?parent=726"}],"curies":[{"name":"wp","href":"https:\/\/api.w.org\/{rel}","templated":true}]}}