{"id":777,"date":"2023-08-24T21:39:15","date_gmt":"2023-08-24T19:39:15","guid":{"rendered":"https:\/\/maine-coon.lu\/?page_id=777"},"modified":"2025-04-06T09:53:24","modified_gmt":"2025-04-06T07:53:24","slug":"elementor-777","status":"publish","type":"page","link":"https:\/\/maine-coon.lu\/index.php\/de\/elementor-777\/","title":{"rendered":"About-DE"},"content":{"rendered":"\t\t<div data-elementor-type=\"wp-page\" data-elementor-id=\"777\" class=\"elementor elementor-777\">\n\t\t\t\t<div class=\"elementor-element elementor-element-7f22a15e e-flex e-con-boxed e-con e-parent\" data-id=\"7f22a15e\" data-element_type=\"container\" data-settings=\"{&quot;background_background&quot;:&quot;classic&quot;}\">\n\t\t\t\t\t<div class=\"e-con-inner\">\n\t\t<div class=\"elementor-element elementor-element-6550ca3d e-flex e-con-boxed e-con e-child\" data-id=\"6550ca3d\" data-element_type=\"container\">\n\t\t\t\t\t<div class=\"e-con-inner\">\n\t\t\t\t<div class=\"elementor-element elementor-element-74edd4 animated-slow elementor-invisible elementor-widget elementor-widget-heading\" data-id=\"74edd4\" data-element_type=\"widget\" data-settings=\"{&quot;_animation&quot;:&quot;slideInUp&quot;}\" data-widget_type=\"heading.default\">\n\t\t\t\t<div class=\"elementor-widget-container\">\n\t\t\t<h2 class=\"elementor-heading-title elementor-size-default\">\u00fcber uns<\/h2>\t\t<\/div>\n\t\t\t\t<\/div>\n\t\t\t\t\t<\/div>\n\t\t\t\t<\/div>\n\t\t<div class=\"elementor-element elementor-element-e2bddc5 e-con-full e-flex e-con e-child\" data-id=\"e2bddc5\" data-element_type=\"container\">\n\t\t<div class=\"elementor-element elementor-element-109483cd e-con-full e-flex e-con e-child\" data-id=\"109483cd\" data-element_type=\"container\">\n\t\t\t\t<div class=\"elementor-element elementor-element-6fe49601 elementor-widget elementor-widget-heading\" data-id=\"6fe49601\" data-element_type=\"widget\" data-widget_type=\"heading.default\">\n\t\t\t\t<div class=\"elementor-widget-container\">\n\t\t\t<h3 class=\"elementor-heading-title elementor-size-default\">Das team<\/h3>\t\t<\/div>\n\t\t\t\t<\/div>\n\t\t\t\t<div class=\"elementor-element elementor-element-49cbaec5 elementor-position-top elementor-widget elementor-widget-image-box\" data-id=\"49cbaec5\" data-element_type=\"widget\" data-widget_type=\"image-box.default\">\n\t\t\t\t<div class=\"elementor-widget-container\">\n\t\t\t<div class=\"elementor-image-box-wrapper\"><figure class=\"elementor-image-box-img\"><img fetchpriority=\"high\" decoding=\"async\" width=\"678\" height=\"601\" src=\"https:\/\/i0.wp.com\/maine-coon.lu\/wp-content\/uploads\/2023\/08\/DF9DE392-6F80-4F6E-AAD6-E43EA7E9A802-e1692907895672.jpeg?fit=678%2C601&amp;ssl=1\" class=\"attachment-full size-full wp-image-135\" alt=\"\" srcset=\"https:\/\/i0.wp.com\/maine-coon.lu\/wp-content\/uploads\/2023\/08\/DF9DE392-6F80-4F6E-AAD6-E43EA7E9A802-e1692907895672.jpeg?w=678&amp;ssl=1 678w, https:\/\/i0.wp.com\/maine-coon.lu\/wp-content\/uploads\/2023\/08\/DF9DE392-6F80-4F6E-AAD6-E43EA7E9A802-e1692907895672.jpeg?resize=300%2C266&amp;ssl=1 300w\" sizes=\"(max-width: 678px) 100vw, 678px\" \/><\/figure><div class=\"elementor-image-box-content\"><p class=\"elementor-image-box-description\">Eigentlich besteht das Team nur aus mir. Nat\u00fcrlich habe ich auch Hilfe von Freunden, welche nach den daheimgebliebenen Katzen schauen oder mir beim Grooming f\u00fcr Shows, wie auch auf der Show selbst bei den letzten Handgriffen helfen.\n<br><br>\nEs h\u00f6rt sich f\u00fcr verschiedene vielleicht komisch an, aber ein Mann kann auch Z\u00fcchter sein. <br><br>\nIch bin stolzes Mitglied des Kaze-Club L\u00ebtzebuerg asbl. <\/p><\/div><\/div>\t\t<\/div>\n\t\t\t\t<\/div>\n\t\t\t\t<\/div>\n\t\t<div class=\"elementor-element elementor-element-3f4d3c e-con-full e-flex e-con e-child\" data-id=\"3f4d3c\" data-element_type=\"container\">\n\t\t\t\t<div class=\"elementor-element elementor-element-2b6b1c8b elementor-widget elementor-widget-heading\" data-id=\"2b6b1c8b\" data-element_type=\"widget\" data-widget_type=\"heading.default\">\n\t\t\t\t<div class=\"elementor-widget-container\">\n\t\t\t<h3 class=\"elementor-heading-title elementor-size-default\">Die Geschichte<\/h3>\t\t<\/div>\n\t\t\t\t<\/div>\n\t\t\t\t<div class=\"elementor-element elementor-element-30697fdd elementor-widget__width-auto elementor-widget elementor-widget-image-box\" data-id=\"30697fdd\" data-element_type=\"widget\" data-widget_type=\"image-box.default\">\n\t\t\t\t<div class=\"elementor-widget-container\">\n\t\t\t<div class=\"elementor-image-box-wrapper\"><div class=\"elementor-image-box-content\"><p class=\"elementor-image-box-description\">Die Cattery ist 2012 mit Cookie, einem Kater entstanden. Er ist mir nach genau 1 Jahr gestohlen worden. \n<br><br>\nDanach habei ch Qiara im December 2013 bekommen. Im April 2014 kam Maty dazu. Das perfekte P\u00e4rchen. \n<br><br>\nCoco, ein sterilisiertes Notfellchen ist dann im M\u00e4rz 2015 zu uns gekommen. Wie es sich herausstellte war sie die Schwester von Cookie. Sie war Freig\u00e4nger und wollte nichts von einem Hausleben wissen. Nach einigen Monaten hatte sie sich ein anderes Haus ausgesucht und lebt seither bei Nachbarn von mir. Da sie relativ dominant war konnte sie Maty nicht ausstehen, der, da er ein Kater war auch dominant war. \n<br><br>\nIm July 2015 hatte ich meinen ersten Wurf. Zu der Zeit und wahrscheinlich wie jeder neuer Z\u00fcchter waren meine Katzen wegen ihrer Farbe ausgesucht und nicht nach der Farbe welche bei den Kitten h\u00e4tte fallen k\u00f6nnen. Damals, und wie fast jeder Z\u00fcchter am Anfang, waren meine Kazten wegen deren Farbe ausgesuchtund nicht abh\u00e4ngig von der Farbe deren Nachwuchses. \n<br><br>\nEines der Kitten des ersten Wurfes war ein sch\u00f6ner Junge war. Ich nannte ihn Deo (kurz f\u00fcr Amadeo). Er war ein kr\u00e4ftiger cr\u00e8mefarbener Bursche. Leider hat er im Juli 2018 eine giftige Pflanze gegessen und ist viel zu jung von uns gegangen. Er war Vater von nur 2 W\u00fcrfen. Ich habe noch immer Tr\u00e4nen in den Augen wenn ich an ihn denke. Er war der perfekte Sohn.\n<br><br>\nDa ich Qiara nicht direkt von ihrem Z\u00fcchter hatte und da sie als 2008er nicht mehr die J\u00fcngste war. dachte ich im Juli 201 daran ein neuer M\u00e4dchen aufzunehmen .Ich habe dann Nita und Ibi gefunden. Weil ich mich nicht entscheiden konnte, sind beide bei mir eingezogen.\n<br><br>\nEin purer Gl\u00fccksgriff 2017 war als ich Gloria, ein cr\u00e8me silber tabby M\u00e4dchen fand welches ein neues Zuhause suchte. Sie brauchte nicht lange um mich zu \u00fcberzeugen, dass sie sehr bals bei mir wohnen w\u00fcrde. Im Octber 2017 zog sie ein. <br><br>\nIm November 2018 tauschte ich eine meiner kleinen M\u00e4dchen gegen ein \u00e4dchen mit einem anderen Z\u00fcchter. So kam Nelly. zu mir.\n<br><br>\nMeine erste Katzenausstellung war im Mai 2019 in Zolver (Soleuvre,) in Luxembourg. Das war der Beginn eines sehr angenehmen und wichtigen Teils vom Z\u00fcchten. \n<br><br>\nIm January 2020 wurde Mogwai geboren. Sie war zu sch\u00f6n um sie gehen zu lassen. Sie blieb in der Cattery.\n <br><br>\nMaty's Nachfolger, Callisto, zog im Oktober 2020 als Jungspunt ein.\n<br><br>\nSky wurde im Dezember 2020 und sie blieb in der Gruppe. Sie ist vom letzten Wurf bei dem Maty der Vater war.\n<br><br>\nWie geplant und weil zu dem Moment mehrere seiner T\u00f6chter in der Cattery waren, hat Maty im January 2021 seinen Ruhestand angetreten und ist daf\u00fcr zu einer sehr netten Familie gezogen welche ihn sehr sch\u00e4tzte bis er im Juli 2021 einen Hirnschlag hatte. \n<br><br>\nMogwai hatte ihren ersten Wurf im Dezember 2021. Ein grossartiger Wurf. Alle ware sehr sch\u00f6n. Leider hatte Mogwai kurz nach der Geburt eine Mastitis, die darin endete, dass fast ihre komplette Milchleiste wegoperiert werden musste. Sie wurde bei der gleichen Operation sterilisiert. Der Wurf \u00fcberlebte weil ich zur gleichen Zeit einen 2 Wochen \u00e4lteren Wurf hatte und deren Mutter sich r\u00fchrend um die Kitten von Mogwai k\u00fcmmerte.\n<br><br>\nIm M\u00e4rz 2022 hatte Gloria einen Wurf mit Callisto als Vater. Ein komplett roter Wurf. Yasimina blieb und ist eine echte Bereeicherung der Gruppe.\n<br><br>\n2 Jungs und 1 M\u00e4dchen von den W\u00fcrfen von November 2022 wurden ausgew\u00e4hlt zu bleiben. Es handelt sich um Abacus Ray, Baba Cool und Astana Magic.\n<br><br>\nIm M\u00e4rz 2023, kam Daisy, eine Tochter von Deo und Ibi zur\u00fcck in die Cattery. Der Sohn ihrer Familie hat nach Jahren eine Allergie gegen Katzenhaare entwickelt. Ich war sehr gl\u00fccklich sie zur\u00fcck zu haben. Zumal sie eine Tochter von Amadeo ist, der so tragisch von uns gegangen ist.\n<br><br>\nBis jetzt hatte ich bestimmt 38 W\u00fcrfe und um die 130 Kitten, die hier geboren sind. Die Namensgebung habe ich alphabethisch mit A angefangen. Mittlerweile bin ich an der 2. Runde vom Alphabeth. F\u00fcr jene, die jetzt z\u00e4hlen und bemerken, dass ich noch nicht bei 38 sein kann: ich habe einige W\u00fcrfe f\u00fcr bekannte Z\u00fcchter gemacht und diese z\u00e4hlen nicht f\u00fcr meine Namensgebung.\n<br><br>Gl\u00fccksgef\u00fchle und Trauer sind Teil des Z\u00fcchtens. Es ist nicht immer sch\u00f6n, und manchmal regelrecht tragisch, aber ich m\u00f6chte meine Pelzies nicht mehr missen, ein Daddy f\u00fcr die sein, die mit mir leben und ein neuer Daddy f\u00fcr die sein, die bei mir geboren werden. <\/p><\/div><\/div>\t\t<\/div>\n\t\t\t\t<\/div>\n\t\t\t\t<\/div>\n\t\t\t\t<\/div>\n\t\t\t\t\t<\/div>\n\t\t\t\t<\/div>\n\t\t\t\t<\/div>\n\t\t","protected":false},"excerpt":{"rendered":"<p>\u00fcber uns Das team Eigentlich besteht das Team nur aus mir. Nat\u00fcrlich habe ich auch Hilfe von Freunden, welche nach den daheimgebliebenen Katzen schauen oder mir beim Grooming f\u00fcr Shows, wie auch auf der Show selbst bei den letzten Handgriffen helfen. Es h\u00f6rt sich f\u00fcr verschiedene vielleicht komisch an, aber ein Mann kann auch Z\u00fcchter [&hellip;]<\/p>\n","protected":false},"author":1,"featured_media":0,"parent":0,"menu_order":0,"comment_status":"closed","ping_status":"closed","template":"","meta":{"footnotes":""},"class_list":["post-777","page","type-page","status-publish","hentry"],"jetpack_sharing_enabled":true,"_links":{"self":[{"href":"https:\/\/maine-coon.lu\/index.php\/wp-json\/wp\/v2\/pages\/777","targetHints":{"allow":["GET"]}}],"collection":[{"href":"https:\/\/maine-coon.lu\/index.php\/wp-json\/wp\/v2\/pages"}],"about":[{"href":"https:\/\/maine-coon.lu\/index.php\/wp-json\/wp\/v2\/types\/page"}],"author":[{"embeddable":true,"href":"https:\/\/maine-coon.lu\/index.php\/wp-json\/wp\/v2\/users\/1"}],"replies":[{"embeddable":true,"href":"https:\/\/maine-coon.lu\/index.php\/wp-json\/wp\/v2\/comments?post=777"}],"version-history":[{"count":11,"href":"https:\/\/maine-coon.lu\/index.php\/wp-json\/wp\/v2\/pages\/777\/revisions"}],"predecessor-version":[{"id":1404,"href":"https:\/\/maine-coon.lu\/index.php\/wp-json\/wp\/v2\/pages\/777\/revisions\/1404"}],"wp:attachment":[{"href":"https:\/\/maine-coon.lu\/index.php\/wp-json\/wp\/v2\/media?parent=777"}],"curies":[{"name":"wp","href":"https:\/\/api.w.org\/{rel}","templated":true}]}}