{"id":787,"date":"2023-08-24T21:39:15","date_gmt":"2023-08-24T19:39:15","guid":{"rendered":"https:\/\/maine-coon.lu\/?page_id=787"},"modified":"2025-04-06T09:54:47","modified_gmt":"2025-04-06T07:54:47","slug":"elementor-787","status":"publish","type":"page","link":"https:\/\/maine-coon.lu\/index.php\/lu\/elementor-787\/","title":{"rendered":"About-LU"},"content":{"rendered":"\t\t<div data-elementor-type=\"wp-page\" data-elementor-id=\"787\" class=\"elementor elementor-787\">\n\t\t\t\t<div class=\"elementor-element elementor-element-7f22a15e e-flex e-con-boxed e-con e-parent\" data-id=\"7f22a15e\" data-element_type=\"container\" data-settings=\"{&quot;background_background&quot;:&quot;classic&quot;}\">\n\t\t\t\t\t<div class=\"e-con-inner\">\n\t\t<div class=\"elementor-element elementor-element-6550ca3d e-flex e-con-boxed e-con e-child\" data-id=\"6550ca3d\" data-element_type=\"container\">\n\t\t\t\t\t<div class=\"e-con-inner\">\n\t\t\t\t<div class=\"elementor-element elementor-element-74edd4 animated-slow elementor-invisible elementor-widget elementor-widget-heading\" data-id=\"74edd4\" data-element_type=\"widget\" data-settings=\"{&quot;_animation&quot;:&quot;slideInUp&quot;}\" data-widget_type=\"heading.default\">\n\t\t\t\t<div class=\"elementor-widget-container\">\n\t\t\t<h2 class=\"elementor-heading-title elementor-size-default\">Iwwert d'cattery<\/h2>\t\t<\/div>\n\t\t\t\t<\/div>\n\t\t\t\t\t<\/div>\n\t\t\t\t<\/div>\n\t\t<div class=\"elementor-element elementor-element-e2bddc5 e-con-full e-flex e-con e-child\" data-id=\"e2bddc5\" data-element_type=\"container\">\n\t\t<div class=\"elementor-element elementor-element-109483cd e-con-full e-flex e-con e-child\" data-id=\"109483cd\" data-element_type=\"container\">\n\t\t\t\t<div class=\"elementor-element elementor-element-6fe49601 elementor-widget elementor-widget-heading\" data-id=\"6fe49601\" data-element_type=\"widget\" data-widget_type=\"heading.default\">\n\t\t\t\t<div class=\"elementor-widget-container\">\n\t\t\t<h3 class=\"elementor-heading-title elementor-size-default\">d'equipe<\/h3>\t\t<\/div>\n\t\t\t\t<\/div>\n\t\t\t\t<div class=\"elementor-element elementor-element-49cbaec5 elementor-position-top elementor-widget elementor-widget-image-box\" data-id=\"49cbaec5\" data-element_type=\"widget\" data-widget_type=\"image-box.default\">\n\t\t\t\t<div class=\"elementor-widget-container\">\n\t\t\t<div class=\"elementor-image-box-wrapper\"><figure class=\"elementor-image-box-img\"><img fetchpriority=\"high\" decoding=\"async\" width=\"678\" height=\"601\" src=\"https:\/\/i0.wp.com\/maine-coon.lu\/wp-content\/uploads\/2023\/08\/DF9DE392-6F80-4F6E-AAD6-E43EA7E9A802-e1692907895672.jpeg?fit=678%2C601&amp;ssl=1\" class=\"attachment-full size-full wp-image-135\" alt=\"\" srcset=\"https:\/\/i0.wp.com\/maine-coon.lu\/wp-content\/uploads\/2023\/08\/DF9DE392-6F80-4F6E-AAD6-E43EA7E9A802-e1692907895672.jpeg?w=678&amp;ssl=1 678w, https:\/\/i0.wp.com\/maine-coon.lu\/wp-content\/uploads\/2023\/08\/DF9DE392-6F80-4F6E-AAD6-E43EA7E9A802-e1692907895672.jpeg?resize=300%2C266&amp;ssl=1 300w\" sizes=\"(max-width: 678px) 100vw, 678px\" \/><\/figure><div class=\"elementor-image-box-content\"><p class=\"elementor-image-box-description\">Am Fong besteet d'Equipe just aus mir. Natierlech hunn ech och H\u00ebllef vu Fr\u00ebnn, d\u00e9i no de Kazen doheem kucke wann ech op enger Expo sinn oder d\u00e9i mir bei de Preparatioune vun den Kazen fir op d'Expoen h\u00ebllefen, w\u00e9i och op den Expoen selwer fir d\u00e9i l\u00e4scht Finitiounen ze maachen. \n<br><br>\nVerschidde Leit k\u00ebnnen sech schlecht virstellen, dass ee Mann Ziichter ka sinn. Dat ass awer sou. <br><br>\nEch si Member beim Kaze-Club L\u00ebtzebuerg asbl.<\/p><\/div><\/div>\t\t<\/div>\n\t\t\t\t<\/div>\n\t\t\t\t<\/div>\n\t\t<div class=\"elementor-element elementor-element-3f4d3c e-con-full e-flex e-con e-child\" data-id=\"3f4d3c\" data-element_type=\"container\">\n\t\t\t\t<div class=\"elementor-element elementor-element-2b6b1c8b elementor-widget elementor-widget-heading\" data-id=\"2b6b1c8b\" data-element_type=\"widget\" data-widget_type=\"heading.default\">\n\t\t\t\t<div class=\"elementor-widget-container\">\n\t\t\t<h3 class=\"elementor-heading-title elementor-size-default\">Eis Geschicht<\/h3>\t\t<\/div>\n\t\t\t\t<\/div>\n\t\t\t\t<div class=\"elementor-element elementor-element-30697fdd elementor-widget__width-auto elementor-widget elementor-widget-image-box\" data-id=\"30697fdd\" data-element_type=\"widget\" data-widget_type=\"image-box.default\">\n\t\t\t\t<div class=\"elementor-widget-container\">\n\t\t\t<div class=\"elementor-image-box-wrapper\"><div class=\"elementor-image-box-content\"><p class=\"elementor-image-box-description\">D'Cattery huet 2012 mam Cookie, engem Kueder ugefaangen. Heen ass mir no genau engem Joer geklaut ginn. \n<br><br>\nDuerno hunn ech am Dezember 2013 d'Qiara kritt. Am Abr\u00ebll 2014 koum dunn de Maty dob\u00e4i. D\u00e9i perfekt Koppel. \n<br><br>\nD'Coco, ee sterilis\u00e9ierten Noutfall ass dunn am M\u00e4erz 2015 bei eis komm. Et huet sech erausgestallt, dass hat d'Schw\u00ebster vum Cookie war. Hat war gewinn dobaussen ze sinn a wollt n\u00e4ischt dovunner w\u00ebsse fir just dobannen ze sinn. No puer M\u00e9int huet hat sech een anert Haus gesicht a wunnt zanterhier bei eingem vun mengen Noperen. Well hat och relativ dominant war konnt hat de Maty net ausstoen. Dee war och dominant well hee jo ee Kueder war.\n<br><br>\nAm Juli 2015 hat ech m\u00e4in \u00e9ischte Worf. Zu d\u00e4r Zeit a warscheinlech w\u00e9i all neien Ziichter ware meng Kazen op Grond vun hirer Faarf erausgesicht an net op Grond vun der Faarf, d\u00e9i hiren Nowuess h\u00e4tt k\u00e9inte kr\u00e9ien. \n<br><br>\nEen wonnersch\u00e9ine Jong war am \u00e9ischte Worf. Ech hunn heen Deo genannt (kuerz fir Sir Amadeo). Heen war een zolitte cr\u00e8me-faarwene Jong. Leider ass heen am Juli 2018 vill ze jonk gestuerwen. Heen ass just 2 mol Papp ginn. Ech hu lo nach Tr\u00e9inen an den An wann ech un heen denken. Hee war de perfekte Bouf. \n<br><br>\nWell d'Qiara net direkt vum Ziichter bei mech komm ass a well hat och net m\u00e9i dat j\u00e9ngst war well hat 2008 gebuer ass, hunn ech am Juli 2016 missen uf\u00e4nken drun ze denke fir een neit Meedchen an d'Haus ze kr\u00e9ien. Ech hunn d'Nita an d'Ibi fonnt. Well ech mech net decid\u00e9iere konnt, hunn ech se allen 2 geholl. \n<br><br>\nDuerch ee gl\u00e9ckleche Zoufall hunn ech 2017 d'Gloria, ee cr\u00e8me faarwwent Meedchen, fonnt wat no engem neien Doheem gesicht huet. Hat huet net laang gebraucht fir mech dovunner ze iwwerzeegen, dass hat ganz gl\u00e4ich g\u00e9if bei mir wunne. Am Oktober 2017 ass hat agezunn. \n<br><br>\nAm November 2018 hunn ech ee vu menge klenge Meedercher g\u00e9nt een klengt Meedche vun engem aneren Ziichter getosch. An du war d'Nelly do. <br><br>\nEis \u00e9ischt Ausstellung war zu Zolwer am Mee 2019. Dat war den Ufank vun dee sch\u00e9inen an och wichtegen Deel vum Ziichten. \n<br><br>\nAm Januar 2020 ass d'Mogwai hei gebuer. Hat war ze sch\u00e9i fir goen ze loossen. Dofir ass hat bei eis bliwwen. \n<br><br>\nDem Maty s\u00e4in Nofollger, de Callisto ass am Oktober 2020 als klenge Spunti eragepl\u00ebnnert. \n<br><br>D'Sky ass am Dezember 2020 gebuer an an der Grupp bliwwen. Hat ass vum leschte Worf mam Maty als Papp.\n<br><br>\nW\u00e9i geplangt a well m\u00ebttlerweil puer vu sengen Duechteren an der Cattery waren, ass de Maty am Januar 2021 an seng wuel verd\u00e9ngte Pensioun gaangen. Heen ass bei eng l\u00e9if Famill komm, d\u00e9i gudd no him gekuckt hu bis heen am Juli 2021 un engem Schlag vill ze fr\u00e9i vun eis gaangen ass.\n<br><br>\nD'Mogwai huet s\u00e4in \u00e9ischte Worf am Dezember 2021 kritt. Een immense Worf. Si waren all immens sch\u00e9in. Ongl\u00e9cklecherweis huet d'Mogwai kuerz no der Gebuert eng Mastite kritt mam Resultat, dass hat d'M\u00ebllechl\u00e4ischt bal ganz wegoper\u00e9iert huet misse kr\u00e9ien. Bei der Operatioun ass hat an engems sterilis\u00e9iert ginn. De Worf huet iwwerlieft well ech gl\u00e4ichz\u00e4iteg een 2. Worf hat an d\u00e9i Kleng do mat nuckele konnten.\n<br><br>\nAm M\u00e4erz 2022 hat d'Gloria ee Worf mam Callisto. Lauter rout Kitten. D'Yasimina ass bliwwen an ass ee gudden Zouwuess am Meederchersgrupp. \n<br><br>2 Jongen an 1 Meedche vum W\u00ebrf vum November si erausgesicht gi fir och doheem ze bleiwen. Dat sinn: Abacus Ray, Baba Cool an Astana Magic.\n<br><br>\nAm M\u00e4erz 2023, ass d'Daisy, eng Duechter vum Deo an Ibi an d'Cattery zer\u00e9ck komm well de Bouf vu senger Famill ugefaangen huet eng Allergie op Kazenhoer ze maachen. Et huet mech immens gefreet fir hat r\u00ebm bei mir ze hu well hat dem Amadeo, dee sou tragesch vun eis gaangen ass, s\u00e4i Meedchen ass. \n<br><br>\nBis lo hunn ech ongef\u00e9ier 38 W\u00ebrf gehat. Dat sinn \u00ebm d\u00e9i 130 Kitten, d\u00e9i hei gebuer sinn. Ech hu bei A ugefaange mat den Nimm vun de Klengen. a ech hu lo d\u00e9i 2. K\u00e9ier d'Alphabet ugefaange. Fir d\u00e9i, d\u00e9i lo nozielen a gesinn, dass dat nach keng 38 sinn: ech hunn och puer W\u00ebrf fir befr\u00ebnten Ziichter gemeet. D\u00e9i ziele jo dann och net fir Luzilinburug. \n<br>br>Ziichten ass immens flott, mee och net \u00ebmmer. Et k\u00ebnnt och vir, dass et ganz tragesch ass. Trotzdeem, w\u00e9ilt ech et net m\u00e9i m\u00ebsse fir kleng Pelzbulle ronder\u00ebm mech ze hu mat mir als Daddy vun deenen, d\u00e9i bei mir liewen an als neien Daddy fir d\u00e9i, d\u00e9i bei mir gebuer ginn. <\/p><\/div><\/div>\t\t<\/div>\n\t\t\t\t<\/div>\n\t\t\t\t<\/div>\n\t\t\t\t<\/div>\n\t\t\t\t\t<\/div>\n\t\t\t\t<\/div>\n\t\t\t\t<\/div>\n\t\t","protected":false},"excerpt":{"rendered":"<p>Iwwert d&#8217;cattery d&#8217;equipe Am Fong besteet d&#8217;Equipe just aus mir. Natierlech hunn ech och H\u00ebllef vu Fr\u00ebnn, d\u00e9i no de Kazen doheem kucke wann ech op enger Expo sinn oder d\u00e9i mir bei de Preparatioune vun den Kazen fir op d&#8217;Expoen h\u00ebllefen, w\u00e9i och op den Expoen selwer fir d\u00e9i l\u00e4scht Finitiounen ze maachen. Verschidde [&hellip;]<\/p>\n","protected":false},"author":1,"featured_media":0,"parent":0,"menu_order":0,"comment_status":"closed","ping_status":"closed","template":"","meta":{"footnotes":""},"class_list":["post-787","page","type-page","status-publish","hentry"],"jetpack_sharing_enabled":true,"_links":{"self":[{"href":"https:\/\/maine-coon.lu\/index.php\/wp-json\/wp\/v2\/pages\/787","targetHints":{"allow":["GET"]}}],"collection":[{"href":"https:\/\/maine-coon.lu\/index.php\/wp-json\/wp\/v2\/pages"}],"about":[{"href":"https:\/\/maine-coon.lu\/index.php\/wp-json\/wp\/v2\/types\/page"}],"author":[{"embeddable":true,"href":"https:\/\/maine-coon.lu\/index.php\/wp-json\/wp\/v2\/users\/1"}],"replies":[{"embeddable":true,"href":"https:\/\/maine-coon.lu\/index.php\/wp-json\/wp\/v2\/comments?post=787"}],"version-history":[{"count":14,"href":"https:\/\/maine-coon.lu\/index.php\/wp-json\/wp\/v2\/pages\/787\/revisions"}],"predecessor-version":[{"id":1413,"href":"https:\/\/maine-coon.lu\/index.php\/wp-json\/wp\/v2\/pages\/787\/revisions\/1413"}],"wp:attachment":[{"href":"https:\/\/maine-coon.lu\/index.php\/wp-json\/wp\/v2\/media?parent=787"}],"curies":[{"name":"wp","href":"https:\/\/api.w.org\/{rel}","templated":true}]}}