{"id":797,"date":"2023-08-24T20:59:50","date_gmt":"2023-08-24T18:59:50","guid":{"rendered":"https:\/\/maine-coon.lu\/?page_id=797"},"modified":"2025-04-28T09:39:34","modified_gmt":"2025-04-28T07:39:34","slug":"elementor-797","status":"publish","type":"page","link":"https:\/\/maine-coon.lu\/index.php\/fr\/elementor-797\/","title":{"rendered":"Males-FR"},"content":{"rendered":"\t\t<div data-elementor-type=\"wp-page\" data-elementor-id=\"797\" class=\"elementor elementor-797\">\n\t\t\t\t<div class=\"elementor-element elementor-element-60a0591 e-flex e-con-boxed e-con e-parent\" data-id=\"60a0591\" data-element_type=\"container\">\n\t\t\t\t\t<div class=\"e-con-inner\">\n\t\t\t\t<div class=\"elementor-element elementor-element-a17cb0d animated-slow elementor-invisible elementor-widget elementor-widget-heading\" data-id=\"a17cb0d\" data-element_type=\"widget\" data-settings=\"{&quot;_animation&quot;:&quot;slideInUp&quot;}\" data-widget_type=\"heading.default\">\n\t\t\t\t<div class=\"elementor-widget-container\">\n\t\t\t<h2 class=\"elementor-heading-title elementor-size-default\">Les m\u00e2les<\/h2>\t\t<\/div>\n\t\t\t\t<\/div>\n\t\t\t\t\t<\/div>\n\t\t\t\t<\/div>\n\t\t<div class=\"elementor-element elementor-element-3057c9c e-flex e-con-boxed e-con e-parent\" data-id=\"3057c9c\" data-element_type=\"container\">\n\t\t\t\t\t<div class=\"e-con-inner\">\n\t\t\t\t<div class=\"elementor-element elementor-element-ef443b2 elementor-position-top elementor-widget elementor-widget-image-box\" data-id=\"ef443b2\" data-element_type=\"widget\" data-widget_type=\"image-box.default\">\n\t\t\t\t<div class=\"elementor-widget-container\">\n\t\t\t<div class=\"elementor-image-box-wrapper\"><figure class=\"elementor-image-box-img\"><img fetchpriority=\"high\" decoding=\"async\" width=\"1536\" height=\"2048\" src=\"https:\/\/i0.wp.com\/maine-coon.lu\/wp-content\/uploads\/2023\/08\/F5CFC461-23F4-4190-A1E4-3D201D81BFF0.jpeg?fit=1536%2C2048&amp;ssl=1\" class=\"attachment-full size-full wp-image-206\" alt=\"\" srcset=\"https:\/\/i0.wp.com\/maine-coon.lu\/wp-content\/uploads\/2023\/08\/F5CFC461-23F4-4190-A1E4-3D201D81BFF0.jpeg?w=1536&amp;ssl=1 1536w, https:\/\/i0.wp.com\/maine-coon.lu\/wp-content\/uploads\/2023\/08\/F5CFC461-23F4-4190-A1E4-3D201D81BFF0.jpeg?resize=225%2C300&amp;ssl=1 225w, https:\/\/i0.wp.com\/maine-coon.lu\/wp-content\/uploads\/2023\/08\/F5CFC461-23F4-4190-A1E4-3D201D81BFF0.jpeg?resize=768%2C1024&amp;ssl=1 768w, https:\/\/i0.wp.com\/maine-coon.lu\/wp-content\/uploads\/2023\/08\/F5CFC461-23F4-4190-A1E4-3D201D81BFF0.jpeg?resize=1152%2C1536&amp;ssl=1 1152w\" sizes=\"(max-width: 800px) 100vw, 800px\" \/><\/figure><div class=\"elementor-image-box-content\"><h3 class=\"elementor-image-box-title\">Kunogrand Callisto Godwine (Lito)<br>Supreme Champion<\/h3><p class=\"elementor-image-box-description\">N\u00e9: 14.07.2020<br>red classic tabby (d 22)<br>Parents: Cats Est Lavie Godwine (ns 22 03) X Seelerieva's Nina Marta (d 22)<br>           <br> Parcours Fif\u00e9<br>Titre Champion: 21.08.2021 \u00e0 Glabeek (BE)<br>Titre International Champion: 06.11.2021 \u00e0 Le-Perray-en-Yvelines (FR)<br>Titre Grand International Champion: 05.12.2021 \u00e0 Grossen-Buseck (DE)<br>Titre Supreme Champion: 15.01.2023 \u00e0 Ulft (NL)<br><br>Test\u00e9 g\u00e9n\u00e9tiquement n\u00e9gatif \u00e0 toutes les maladies g\u00e9n\u00e9tiques (HCM, PKD, PKDef, PRA, SMA, GSDIV), pas porteur de dillution.<\/p><\/div><\/div>\t\t<\/div>\n\t\t\t\t<\/div>\n\t\t\t\t\t<\/div>\n\t\t\t\t<\/div>\n\t\t<div class=\"elementor-element elementor-element-e5559eb e-flex e-con-boxed e-con e-parent\" data-id=\"e5559eb\" data-element_type=\"container\">\n\t\t\t\t\t<div class=\"e-con-inner\">\n\t\t\t\t<div class=\"elementor-element elementor-element-086952d elementor-position-top elementor-widget elementor-widget-image-box\" data-id=\"086952d\" data-element_type=\"widget\" data-widget_type=\"image-box.default\">\n\t\t\t\t<div class=\"elementor-widget-container\">\n\t\t\t<div class=\"elementor-image-box-wrapper\"><figure class=\"elementor-image-box-img\"><img decoding=\"async\" width=\"1581\" height=\"1723\" src=\"https:\/\/i0.wp.com\/maine-coon.lu\/wp-content\/uploads\/2023\/08\/25C63D24-662A-487A-AB9A-27A684B3DC2D-scaled-e1692991329832.jpeg?fit=1581%2C1723&amp;ssl=1\" class=\"attachment-full size-full wp-image-137\" alt=\"\" srcset=\"https:\/\/i0.wp.com\/maine-coon.lu\/wp-content\/uploads\/2023\/08\/25C63D24-662A-487A-AB9A-27A684B3DC2D-scaled-e1692991329832.jpeg?w=1581&amp;ssl=1 1581w, https:\/\/i0.wp.com\/maine-coon.lu\/wp-content\/uploads\/2023\/08\/25C63D24-662A-487A-AB9A-27A684B3DC2D-scaled-e1692991329832.jpeg?resize=275%2C300&amp;ssl=1 275w, https:\/\/i0.wp.com\/maine-coon.lu\/wp-content\/uploads\/2023\/08\/25C63D24-662A-487A-AB9A-27A684B3DC2D-scaled-e1692991329832.jpeg?resize=940%2C1024&amp;ssl=1 940w, https:\/\/i0.wp.com\/maine-coon.lu\/wp-content\/uploads\/2023\/08\/25C63D24-662A-487A-AB9A-27A684B3DC2D-scaled-e1692991329832.jpeg?resize=768%2C837&amp;ssl=1 768w, https:\/\/i0.wp.com\/maine-coon.lu\/wp-content\/uploads\/2023\/08\/25C63D24-662A-487A-AB9A-27A684B3DC2D-scaled-e1692991329832.jpeg?resize=1409%2C1536&amp;ssl=1 1409w\" sizes=\"(max-width: 800px) 100vw, 800px\" \/><\/figure><div class=\"elementor-image-box-content\"><h3 class=\"elementor-image-box-title\">N-Abacus Ray of Luzilinburug (Abacus)<br>Supreme Champion (Fif\u00e9)<\/h3><p class=\"elementor-image-box-description\">N\u00e9: 16.11.2022<br>black smoke (ns)<br>Parents: Kunogrand Callisto Godwine (d 22) X Waldemaine Benita (as)<br><br>Parcours Fif\u00e9<br>Titre Champion: 28.10.2023 \u00e0 Strasbourg (FR) au Worldshow<br>Titre International Champion: 25.02.2024 \u00e0 Beuvry (FR)<br>Titre Grand International Champion: 23.06.2024 \u00e0 Mennecy (FR)<br>Titre Supreme Champion: 09.03.2025 \u00e0 Paris (FR)<br><br>Etant dans la classe Kitten: <b>Best in Show<\/b> \u00e0 Saint-Quentin (FR) (23.04.2023 ag\u00e9 de 5 mois)<br>Test\u00e9 g\u00e9n\u00e9tiquement n\u00e9gatif \u00e0 toutes les maladies g\u00e9n\u00e9tiques (HCM, PKD, PKDef, PRA, SMA, GSDIV), porteur de dillution.<\/p><\/div><\/div>\t\t<\/div>\n\t\t\t\t<\/div>\n\t\t\t\t\t<\/div>\n\t\t\t\t<\/div>\n\t\t<div class=\"elementor-element elementor-element-73c59cd e-flex e-con-boxed e-con e-parent\" data-id=\"73c59cd\" data-element_type=\"container\">\n\t\t\t\t\t<div class=\"e-con-inner\">\n\t\t\t\t<div class=\"elementor-element elementor-element-d24871f elementor-position-top elementor-widget elementor-widget-image-box\" data-id=\"d24871f\" data-element_type=\"widget\" data-widget_type=\"image-box.default\">\n\t\t\t\t<div class=\"elementor-widget-container\">\n\t\t\t<div class=\"elementor-image-box-wrapper\"><figure class=\"elementor-image-box-img\"><img decoding=\"async\" width=\"554\" height=\"498\" src=\"https:\/\/i0.wp.com\/maine-coon.lu\/wp-content\/uploads\/2023\/08\/5BDFF1BC-C1B3-4CD0-B2B8-4401E5A4A1BE-e1692991460118.jpeg?fit=554%2C498&amp;ssl=1\" class=\"attachment-full size-full wp-image-207\" alt=\"\" srcset=\"https:\/\/i0.wp.com\/maine-coon.lu\/wp-content\/uploads\/2023\/08\/5BDFF1BC-C1B3-4CD0-B2B8-4401E5A4A1BE-e1692991460118.jpeg?w=554&amp;ssl=1 554w, https:\/\/i0.wp.com\/maine-coon.lu\/wp-content\/uploads\/2023\/08\/5BDFF1BC-C1B3-4CD0-B2B8-4401E5A4A1BE-e1692991460118.jpeg?resize=300%2C270&amp;ssl=1 300w\" sizes=\"(max-width: 554px) 100vw, 554px\" \/><\/figure><div class=\"elementor-image-box-content\"><h3 class=\"elementor-image-box-title\">N-Baba Cool of Luzilinburug (Baba)<br>Supreme Champion<br>Champion national 2024 (cat\u00e9gorie 2, m\u00e2les) (BE)<\/h3><p class=\"elementor-image-box-description\">N\u00e9: 27.11.2022<br>black bicolor (n 03)<br>Parents: Kunogrand Callisto Godwine (d 22) X L-Lady-Sky of Luzilinburug (ns 03)<br><br>Parcours Fif\u00e9<br>Titre Champion: 14.10.2023 \u00e0 Varsseveld (NL)<br>Titre International Champion: 11.11.2023 \u00e0 Beverwijk (NL)<br>Titre Grand International Champion: 17.08.2024 \u00e0 Glabbeek (BE)<br>Titre Supreme Champion: 04.01.2025 \u00e0 Hellevoetsluis (NL)<br><br>Etant dans la classe Junior: <b>Best in Show <\/b>\u00e0 Glabbeek (BE) (20.08.2023 ag\u00e9 de 9 mois)<br>Jusqu'\u00e0 pr\u00e9sent pas encore test\u00e9 g\u00e9n\u00e9tiquement, mais les tests devraient tous \u00eatre n\u00e9gatifs comme les parents sont n\u00e9gatifs \u00e0 tous les tests.<\/p><\/div><\/div>\t\t<\/div>\n\t\t\t\t<\/div>\n\t\t\t\t\t<\/div>\n\t\t\t\t<\/div>\n\t\t\t\t<\/div>\n\t\t","protected":false},"excerpt":{"rendered":"<p>Les m\u00e2les Kunogrand Callisto Godwine (Lito)Supreme Champion N\u00e9: 14.07.2020red classic tabby (d 22)Parents: Cats Est Lavie Godwine (ns 22 03) X Seelerieva&#8217;s Nina Marta (d 22) Parcours Fif\u00e9Titre Champion: 21.08.2021 \u00e0 Glabeek (BE)Titre International Champion: 06.11.2021 \u00e0 Le-Perray-en-Yvelines (FR)Titre Grand International Champion: 05.12.2021 \u00e0 Grossen-Buseck (DE)Titre Supreme Champion: 15.01.2023 \u00e0 Ulft (NL) Test\u00e9 g\u00e9n\u00e9tiquement n\u00e9gatif [&hellip;]<\/p>\n","protected":false},"author":1,"featured_media":0,"parent":0,"menu_order":0,"comment_status":"closed","ping_status":"closed","template":"","meta":{"footnotes":""},"class_list":["post-797","page","type-page","status-publish","hentry"],"jetpack_sharing_enabled":true,"_links":{"self":[{"href":"https:\/\/maine-coon.lu\/index.php\/wp-json\/wp\/v2\/pages\/797","targetHints":{"allow":["GET"]}}],"collection":[{"href":"https:\/\/maine-coon.lu\/index.php\/wp-json\/wp\/v2\/pages"}],"about":[{"href":"https:\/\/maine-coon.lu\/index.php\/wp-json\/wp\/v2\/types\/page"}],"author":[{"embeddable":true,"href":"https:\/\/maine-coon.lu\/index.php\/wp-json\/wp\/v2\/users\/1"}],"replies":[{"embeddable":true,"href":"https:\/\/maine-coon.lu\/index.php\/wp-json\/wp\/v2\/comments?post=797"}],"version-history":[{"count":26,"href":"https:\/\/maine-coon.lu\/index.php\/wp-json\/wp\/v2\/pages\/797\/revisions"}],"predecessor-version":[{"id":1475,"href":"https:\/\/maine-coon.lu\/index.php\/wp-json\/wp\/v2\/pages\/797\/revisions\/1475"}],"wp:attachment":[{"href":"https:\/\/maine-coon.lu\/index.php\/wp-json\/wp\/v2\/media?parent=797"}],"curies":[{"name":"wp","href":"https:\/\/api.w.org\/{rel}","templated":true}]}}