{"id":84,"date":"2023-08-24T21:00:10","date_gmt":"2023-08-24T19:00:10","guid":{"rendered":"https:\/\/maine-coon.lu\/?page_id=84"},"modified":"2025-04-28T13:35:42","modified_gmt":"2025-04-28T11:35:42","slug":"females-in-the-cattery","status":"publish","type":"page","link":"https:\/\/maine-coon.lu\/index.php\/en\/females-in-the-cattery\/","title":{"rendered":"Females-EN"},"content":{"rendered":"\t\t<div data-elementor-type=\"wp-page\" data-elementor-id=\"84\" class=\"elementor elementor-84\">\n\t\t\t\t<div class=\"elementor-element elementor-element-0fc95ad e-flex e-con-boxed e-con e-parent\" data-id=\"0fc95ad\" data-element_type=\"container\">\n\t\t\t\t\t<div class=\"e-con-inner\">\n\t\t\t\t<div class=\"elementor-element elementor-element-d9d2f5e animated-slow elementor-invisible elementor-widget elementor-widget-heading\" data-id=\"d9d2f5e\" data-element_type=\"widget\" data-settings=\"{&quot;_animation&quot;:&quot;slideInUp&quot;}\" data-widget_type=\"heading.default\">\n\t\t\t\t<div class=\"elementor-widget-container\">\n\t\t\t<h2 class=\"elementor-heading-title elementor-size-default\">Our females<\/h2>\t\t<\/div>\n\t\t\t\t<\/div>\n\t\t\t\t\t<\/div>\n\t\t\t\t<\/div>\n\t\t<div class=\"elementor-element elementor-element-c6eed89 e-flex e-con-boxed e-con e-parent\" data-id=\"c6eed89\" data-element_type=\"container\">\n\t\t\t\t\t<div class=\"e-con-inner\">\n\t\t\t\t<div class=\"elementor-element elementor-element-0ddeae7 elementor-position-top elementor-widget elementor-widget-image-box\" data-id=\"0ddeae7\" data-element_type=\"widget\" data-widget_type=\"image-box.default\">\n\t\t\t\t<div class=\"elementor-widget-container\">\n\t\t\t<div class=\"elementor-image-box-wrapper\"><figure class=\"elementor-image-box-img\"><img fetchpriority=\"high\" decoding=\"async\" width=\"1441\" height=\"1783\" src=\"https:\/\/i0.wp.com\/maine-coon.lu\/wp-content\/uploads\/2023\/08\/75236CE2-455A-4C91-AB3B-1C7615FD58A3-scaled-e1692993950861.jpeg?fit=1441%2C1783&amp;ssl=1\" class=\"attachment-full size-full wp-image-197\" alt=\"\" srcset=\"https:\/\/i0.wp.com\/maine-coon.lu\/wp-content\/uploads\/2023\/08\/75236CE2-455A-4C91-AB3B-1C7615FD58A3-scaled-e1692993950861.jpeg?w=1441&amp;ssl=1 1441w, https:\/\/i0.wp.com\/maine-coon.lu\/wp-content\/uploads\/2023\/08\/75236CE2-455A-4C91-AB3B-1C7615FD58A3-scaled-e1692993950861.jpeg?resize=242%2C300&amp;ssl=1 242w, https:\/\/i0.wp.com\/maine-coon.lu\/wp-content\/uploads\/2023\/08\/75236CE2-455A-4C91-AB3B-1C7615FD58A3-scaled-e1692993950861.jpeg?resize=828%2C1024&amp;ssl=1 828w, https:\/\/i0.wp.com\/maine-coon.lu\/wp-content\/uploads\/2023\/08\/75236CE2-455A-4C91-AB3B-1C7615FD58A3-scaled-e1692993950861.jpeg?resize=768%2C950&amp;ssl=1 768w, https:\/\/i0.wp.com\/maine-coon.lu\/wp-content\/uploads\/2023\/08\/75236CE2-455A-4C91-AB3B-1C7615FD58A3-scaled-e1692993950861.jpeg?resize=1241%2C1536&amp;ssl=1 1241w\" sizes=\"(max-width: 800px) 100vw, 800px\" \/><\/figure><div class=\"elementor-image-box-content\"><h3 class=\"elementor-image-box-title\">Waldemaine Benita (Nita)<br>Champion (Fif\u00e9)<\/h3><p class=\"elementor-image-box-description\"><span dir=\"auto\"><span>Born: 26.07.2015<\/span><\/span><br>blue smoke <span dir=\"auto\"><span>(as)<br><\/span><\/span><br>Parents: Cuddly Castle's Smoke on the Water (ns) X Waldemaine Greta (g)<br>           <br>Parcours Fif\u00e9<br><span dir=\"auto\"><span>Champion title: 01.03.2020 Duffel (BE)<\/span><\/span><br><br>Genetically tested negative on all genetical diseases (HCM, PKD, PKDef, PRA, SMA, GSDIV).<br>Very soon to be retired from breeding.<\/p><\/div><\/div>\t\t<\/div>\n\t\t\t\t<\/div>\n\t\t\t\t\t<\/div>\n\t\t\t\t<\/div>\n\t\t<div class=\"elementor-element elementor-element-69bc4ba e-flex e-con-boxed e-con e-parent\" data-id=\"69bc4ba\" data-element_type=\"container\">\n\t\t\t\t\t<div class=\"e-con-inner\">\n\t\t\t\t<div class=\"elementor-element elementor-element-2485e08 elementor-position-top elementor-widget elementor-widget-image-box\" data-id=\"2485e08\" data-element_type=\"widget\" data-widget_type=\"image-box.default\">\n\t\t\t\t<div class=\"elementor-widget-container\">\n\t\t\t<div class=\"elementor-image-box-wrapper\"><figure class=\"elementor-image-box-img\"><img decoding=\"async\" width=\"1665\" height=\"1888\" src=\"https:\/\/i0.wp.com\/maine-coon.lu\/wp-content\/uploads\/2023\/08\/4526E1A6-992F-403A-BAF9-EA01DDE00169.jpeg?fit=1665%2C1888&amp;ssl=1\" class=\"attachment-full size-full wp-image-145\" alt=\"\" srcset=\"https:\/\/i0.wp.com\/maine-coon.lu\/wp-content\/uploads\/2023\/08\/4526E1A6-992F-403A-BAF9-EA01DDE00169.jpeg?w=1665&amp;ssl=1 1665w, https:\/\/i0.wp.com\/maine-coon.lu\/wp-content\/uploads\/2023\/08\/4526E1A6-992F-403A-BAF9-EA01DDE00169.jpeg?resize=265%2C300&amp;ssl=1 265w, https:\/\/i0.wp.com\/maine-coon.lu\/wp-content\/uploads\/2023\/08\/4526E1A6-992F-403A-BAF9-EA01DDE00169.jpeg?resize=903%2C1024&amp;ssl=1 903w, https:\/\/i0.wp.com\/maine-coon.lu\/wp-content\/uploads\/2023\/08\/4526E1A6-992F-403A-BAF9-EA01DDE00169.jpeg?resize=768%2C871&amp;ssl=1 768w, https:\/\/i0.wp.com\/maine-coon.lu\/wp-content\/uploads\/2023\/08\/4526E1A6-992F-403A-BAF9-EA01DDE00169.jpeg?resize=1355%2C1536&amp;ssl=1 1355w, https:\/\/i0.wp.com\/maine-coon.lu\/wp-content\/uploads\/2023\/08\/4526E1A6-992F-403A-BAF9-EA01DDE00169.jpeg?w=1600&amp;ssl=1 1600w\" sizes=\"(max-width: 800px) 100vw, 800px\" \/><\/figure><div class=\"elementor-image-box-content\"><h3 class=\"elementor-image-box-title\">Gloria vom Altrheinsee (Gloria)<br>Supreme Champion (Fif\u00e9)<\/h3><p class=\"elementor-image-box-description\"><span dir=\"auto\"><span>Born: 01.02.2017<\/span><\/span><br>Deceased: 16.08.2024 (due to a intestinal lymphona)<br><span dir=\"auto\"><span>cream classic tabby silver (es 22)<br><\/span><\/span><br>Parents: Elphinstone Escorial Royal (es 22) X Tabea of Island hoppers (gs 22)<br> <br>Parcours Fif\u00e9<br><span dir=\"auto\"><span>Champion title: 28.02.2020 Duffel (BE)<br>International Champion Title: 06.11.2021 in Le-Perray-en-Yvelines (FR)<\/span><\/span><br>Grand International Champion Title: 05.12.2021 in Grossen-Buseck (DE)<br>Supreme Champion Title:  09.12.2023 in Wij bij Duurstede (NL)<br><br>Genetically tested negative on all genetical diseases (HCM, PKD, PKDef, PRA, SMA, GSDIV).<\/p><\/div><\/div>\t\t<\/div>\n\t\t\t\t<\/div>\n\t\t\t\t\t<\/div>\n\t\t\t\t<\/div>\n\t\t<div class=\"elementor-element elementor-element-1c885c6 e-flex e-con-boxed e-con e-parent\" data-id=\"1c885c6\" data-element_type=\"container\">\n\t\t\t\t\t<div class=\"e-con-inner\">\n\t\t\t\t<div class=\"elementor-element elementor-element-e36e50c elementor-position-top elementor-widget elementor-widget-image-box\" data-id=\"e36e50c\" data-element_type=\"widget\" data-widget_type=\"image-box.default\">\n\t\t\t\t<div class=\"elementor-widget-container\">\n\t\t\t<div class=\"elementor-image-box-wrapper\"><figure class=\"elementor-image-box-img\"><img decoding=\"async\" width=\"1129\" height=\"1064\" src=\"https:\/\/i0.wp.com\/maine-coon.lu\/wp-content\/uploads\/2023\/08\/925CA7F3-37F5-4F73-A487-8AF1C91B380E-e1692993900856.jpeg?fit=1129%2C1064&amp;ssl=1\" class=\"attachment-full size-full wp-image-203\" alt=\"\" srcset=\"https:\/\/i0.wp.com\/maine-coon.lu\/wp-content\/uploads\/2023\/08\/925CA7F3-37F5-4F73-A487-8AF1C91B380E-e1692993900856.jpeg?w=1129&amp;ssl=1 1129w, https:\/\/i0.wp.com\/maine-coon.lu\/wp-content\/uploads\/2023\/08\/925CA7F3-37F5-4F73-A487-8AF1C91B380E-e1692993900856.jpeg?resize=300%2C283&amp;ssl=1 300w, https:\/\/i0.wp.com\/maine-coon.lu\/wp-content\/uploads\/2023\/08\/925CA7F3-37F5-4F73-A487-8AF1C91B380E-e1692993900856.jpeg?resize=1024%2C965&amp;ssl=1 1024w, https:\/\/i0.wp.com\/maine-coon.lu\/wp-content\/uploads\/2023\/08\/925CA7F3-37F5-4F73-A487-8AF1C91B380E-e1692993900856.jpeg?resize=768%2C724&amp;ssl=1 768w\" sizes=\"(max-width: 800px) 100vw, 800px\" \/><\/figure><div class=\"elementor-image-box-content\"><h3 class=\"elementor-image-box-title\">Chanel No 5 aus der H\u00f6hle des L\u00f6wen (Nelly)<\/h3><p class=\"elementor-image-box-description\"><span dir=\"auto\"><span>Born: 11.05.2018<\/span><\/span><br>black tabby classic silver <span dir=\"auto\"><span>(ns 22)<br><\/span><\/span><br>Parents: Ibiza der Grosse aus der H\u00f6hle des L\u00f6wen (ns 22) X Zickeline aus der H\u00f6hle des L\u00f6wen (ns 22)<br>           <br>Genetically tested negative on all genetical diseases (HCM, PKD, PKDef, PRA, SMA, GSDIV).<br>Soon to be retired from breeding. <\/p><\/div><\/div>\t\t<\/div>\n\t\t\t\t<\/div>\n\t\t\t\t\t<\/div>\n\t\t\t\t<\/div>\n\t\t<div class=\"elementor-element elementor-element-2b4c532 e-flex e-con-boxed e-con e-parent\" data-id=\"2b4c532\" data-element_type=\"container\">\n\t\t\t\t\t<div class=\"e-con-inner\">\n\t\t\t\t<div class=\"elementor-element elementor-element-ff49830 elementor-position-top elementor-widget elementor-widget-image-box\" data-id=\"ff49830\" data-element_type=\"widget\" data-widget_type=\"image-box.default\">\n\t\t\t\t<div class=\"elementor-widget-container\">\n\t\t\t<div class=\"elementor-image-box-wrapper\"><figure class=\"elementor-image-box-img\"><img loading=\"lazy\" decoding=\"async\" width=\"1177\" height=\"1276\" src=\"https:\/\/i0.wp.com\/maine-coon.lu\/wp-content\/uploads\/2023\/08\/Sky-e1692994409395.jpg?fit=1177%2C1276&amp;ssl=1\" class=\"attachment-full size-full wp-image-300\" alt=\"\" srcset=\"https:\/\/i0.wp.com\/maine-coon.lu\/wp-content\/uploads\/2023\/08\/Sky-e1692994409395.jpg?w=1177&amp;ssl=1 1177w, https:\/\/i0.wp.com\/maine-coon.lu\/wp-content\/uploads\/2023\/08\/Sky-e1692994409395.jpg?resize=277%2C300&amp;ssl=1 277w, https:\/\/i0.wp.com\/maine-coon.lu\/wp-content\/uploads\/2023\/08\/Sky-e1692994409395.jpg?resize=945%2C1024&amp;ssl=1 945w, https:\/\/i0.wp.com\/maine-coon.lu\/wp-content\/uploads\/2023\/08\/Sky-e1692994409395.jpg?resize=768%2C833&amp;ssl=1 768w\" sizes=\"(max-width: 800px) 100vw, 800px\" \/><\/figure><div class=\"elementor-image-box-content\"><h3 class=\"elementor-image-box-title\">L-Lady-Sky of Luzilinburug (Sky)<br>Champion (Fif\u00e9)<\/h3><p class=\"elementor-image-box-description\"><span dir=\"auto\"><span>Born: 03.12.2020<\/span><\/span><br>black bicolor smoke <span dir=\"auto\"><span>(ns 03)<br><\/span><\/span><br>Parents: Jeremy of Seven Souls (ns 03) X Ibi von den Sternentigern (f 23)<br>           <br>Parcours Fif\u00e9:<br><span dir=\"auto\"><span>Champion title: 01.10.2022 Grossen-Buseck (DE)<\/span><\/span><br><br>Genetically tested negative on all genetical diseases (HCM, PKD, PKDef, PRA, SMA, GSDIV).<\/p><\/div><\/div>\t\t<\/div>\n\t\t\t\t<\/div>\n\t\t\t\t\t<\/div>\n\t\t\t\t<\/div>\n\t\t<div class=\"elementor-element elementor-element-4d061e5 e-flex e-con-boxed e-con e-parent\" data-id=\"4d061e5\" data-element_type=\"container\">\n\t\t\t\t\t<div class=\"e-con-inner\">\n\t\t\t\t<div class=\"elementor-element elementor-element-19477a6 elementor-position-top elementor-widget elementor-widget-image-box\" data-id=\"19477a6\" data-element_type=\"widget\" data-widget_type=\"image-box.default\">\n\t\t\t\t<div class=\"elementor-widget-container\">\n\t\t\t<div class=\"elementor-image-box-wrapper\"><figure class=\"elementor-image-box-img\"><img loading=\"lazy\" decoding=\"async\" width=\"1288\" height=\"1655\" src=\"https:\/\/i0.wp.com\/maine-coon.lu\/wp-content\/uploads\/2023\/08\/BA05600F-9B47-4A9F-8471-E2D2482568EA-scaled-e1692996273733.jpeg?fit=1288%2C1655&amp;ssl=1\" class=\"attachment-full size-full wp-image-307\" alt=\"\" srcset=\"https:\/\/i0.wp.com\/maine-coon.lu\/wp-content\/uploads\/2023\/08\/BA05600F-9B47-4A9F-8471-E2D2482568EA-scaled-e1692996273733.jpeg?w=1288&amp;ssl=1 1288w, https:\/\/i0.wp.com\/maine-coon.lu\/wp-content\/uploads\/2023\/08\/BA05600F-9B47-4A9F-8471-E2D2482568EA-scaled-e1692996273733.jpeg?resize=233%2C300&amp;ssl=1 233w, https:\/\/i0.wp.com\/maine-coon.lu\/wp-content\/uploads\/2023\/08\/BA05600F-9B47-4A9F-8471-E2D2482568EA-scaled-e1692996273733.jpeg?resize=797%2C1024&amp;ssl=1 797w, https:\/\/i0.wp.com\/maine-coon.lu\/wp-content\/uploads\/2023\/08\/BA05600F-9B47-4A9F-8471-E2D2482568EA-scaled-e1692996273733.jpeg?resize=768%2C987&amp;ssl=1 768w, https:\/\/i0.wp.com\/maine-coon.lu\/wp-content\/uploads\/2023\/08\/BA05600F-9B47-4A9F-8471-E2D2482568EA-scaled-e1692996273733.jpeg?resize=1195%2C1536&amp;ssl=1 1195w\" sizes=\"(max-width: 800px) 100vw, 800px\" \/><\/figure><div class=\"elementor-image-box-content\"><h3 class=\"elementor-image-box-title\">N-Lady-Yasimina of Luzilinburug (Mina)<\/h3><p class=\"elementor-image-box-description\"><span dir=\"auto\"><span>Born: 21.03.2022<\/span><\/span><br>red tabby classic silver <span dir=\"auto\"><span>(ds 22)<br><\/span><\/span><br>Parents: Kunogrand Callisto Godwine (d 22) X Gloria vom Altrheinsee (es 22)<br><br>So far 2 CAC.<br><br>Genetically tested negative on all genetical diseases (HCM, PKD, PKDef, PRA, SMA, GSDIV).<\/p><\/div><\/div>\t\t<\/div>\n\t\t\t\t<\/div>\n\t\t\t\t\t<\/div>\n\t\t\t\t<\/div>\n\t\t<div class=\"elementor-element elementor-element-fddf88c e-flex e-con-boxed e-con e-parent\" data-id=\"fddf88c\" data-element_type=\"container\">\n\t\t\t\t\t<div class=\"e-con-inner\">\n\t\t\t\t<div class=\"elementor-element elementor-element-db3cfc6 elementor-position-top elementor-widget elementor-widget-image-box\" data-id=\"db3cfc6\" data-element_type=\"widget\" data-widget_type=\"image-box.default\">\n\t\t\t\t<div class=\"elementor-widget-container\">\n\t\t\t<div class=\"elementor-image-box-wrapper\"><figure class=\"elementor-image-box-img\"><img loading=\"lazy\" decoding=\"async\" width=\"1331\" height=\"1676\" src=\"https:\/\/i0.wp.com\/maine-coon.lu\/wp-content\/uploads\/2023\/08\/9CFB7564-AAF3-4DAB-865F-F5036B391FE8-scaled-e1692996510528.jpeg?fit=1331%2C1676&amp;ssl=1\" class=\"attachment-full size-full wp-image-205\" alt=\"\" srcset=\"https:\/\/i0.wp.com\/maine-coon.lu\/wp-content\/uploads\/2023\/08\/9CFB7564-AAF3-4DAB-865F-F5036B391FE8-scaled-e1692996510528.jpeg?w=1331&amp;ssl=1 1331w, https:\/\/i0.wp.com\/maine-coon.lu\/wp-content\/uploads\/2023\/08\/9CFB7564-AAF3-4DAB-865F-F5036B391FE8-scaled-e1692996510528.jpeg?resize=238%2C300&amp;ssl=1 238w, https:\/\/i0.wp.com\/maine-coon.lu\/wp-content\/uploads\/2023\/08\/9CFB7564-AAF3-4DAB-865F-F5036B391FE8-scaled-e1692996510528.jpeg?resize=813%2C1024&amp;ssl=1 813w, https:\/\/i0.wp.com\/maine-coon.lu\/wp-content\/uploads\/2023\/08\/9CFB7564-AAF3-4DAB-865F-F5036B391FE8-scaled-e1692996510528.jpeg?resize=768%2C967&amp;ssl=1 768w, https:\/\/i0.wp.com\/maine-coon.lu\/wp-content\/uploads\/2023\/08\/9CFB7564-AAF3-4DAB-865F-F5036B391FE8-scaled-e1692996510528.jpeg?resize=1220%2C1536&amp;ssl=1 1220w\" sizes=\"(max-width: 800px) 100vw, 800px\" \/><\/figure><div class=\"elementor-image-box-content\"><h3 class=\"elementor-image-box-title\">N-Astana Magic of Luzilinburug (Astana)<\/h3><p class=\"elementor-image-box-description\"><span dir=\"auto\"><span>Born: 16.11.2022<\/span><\/span><br>blacktorbie classic silver white <span dir=\"auto\"><span>(fs 22 09)<br><\/span><\/span><br>Parents: Kunogrand Callisto Godwine (d 22) X Waldemaine Benita (as)<br><br>Genetically tested negative on all genetical diseases (HCM, PKD, PKDef, PRA, SMA, GSDIV).<\/p><\/div><\/div>\t\t<\/div>\n\t\t\t\t<\/div>\n\t\t\t\t\t<\/div>\n\t\t\t\t<\/div>\n\t\t\t\t<\/div>\n\t\t","protected":false},"excerpt":{"rendered":"<p>Our females Waldemaine Benita (Nita)Champion (Fif\u00e9) Born: 26.07.2015blue smoke (as) Parents: Cuddly Castle&#8217;s Smoke on the Water (ns) X Waldemaine Greta (g) Parcours Fif\u00e9Champion title: 01.03.2020 Duffel (BE) Genetically tested negative on all genetical diseases (HCM, PKD, PKDef, PRA, SMA, GSDIV).Very soon to be retired from breeding. Gloria vom Altrheinsee (Gloria)Supreme Champion (Fif\u00e9) Born: 01.02.2017Deceased: [&hellip;]<\/p>\n","protected":false},"author":1,"featured_media":0,"parent":0,"menu_order":0,"comment_status":"closed","ping_status":"closed","template":"","meta":{"footnotes":""},"class_list":["post-84","page","type-page","status-publish","hentry"],"jetpack_sharing_enabled":true,"_links":{"self":[{"href":"https:\/\/maine-coon.lu\/index.php\/wp-json\/wp\/v2\/pages\/84","targetHints":{"allow":["GET"]}}],"collection":[{"href":"https:\/\/maine-coon.lu\/index.php\/wp-json\/wp\/v2\/pages"}],"about":[{"href":"https:\/\/maine-coon.lu\/index.php\/wp-json\/wp\/v2\/types\/page"}],"author":[{"embeddable":true,"href":"https:\/\/maine-coon.lu\/index.php\/wp-json\/wp\/v2\/users\/1"}],"replies":[{"embeddable":true,"href":"https:\/\/maine-coon.lu\/index.php\/wp-json\/wp\/v2\/comments?post=84"}],"version-history":[{"count":64,"href":"https:\/\/maine-coon.lu\/index.php\/wp-json\/wp\/v2\/pages\/84\/revisions"}],"predecessor-version":[{"id":1512,"href":"https:\/\/maine-coon.lu\/index.php\/wp-json\/wp\/v2\/pages\/84\/revisions\/1512"}],"wp:attachment":[{"href":"https:\/\/maine-coon.lu\/index.php\/wp-json\/wp\/v2\/media?parent=84"}],"curies":[{"name":"wp","href":"https:\/\/api.w.org\/{rel}","templated":true}]}}