{"id":862,"date":"2023-08-24T21:00:32","date_gmt":"2023-08-24T19:00:32","guid":{"rendered":"https:\/\/maine-coon.lu\/?page_id=862"},"modified":"2025-04-28T09:44:08","modified_gmt":"2025-04-28T07:44:08","slug":"neutered-fr","status":"publish","type":"page","link":"https:\/\/maine-coon.lu\/index.php\/fr\/neutered-fr\/","title":{"rendered":"Neutered-FR"},"content":{"rendered":"\t\t<div data-elementor-type=\"wp-page\" data-elementor-id=\"862\" class=\"elementor elementor-862\">\n\t\t\t\t<div class=\"elementor-element elementor-element-b94fc75 e-flex e-con-boxed e-con e-parent\" data-id=\"b94fc75\" data-element_type=\"container\">\n\t\t\t\t\t<div class=\"e-con-inner\">\n\t\t\t\t<div class=\"elementor-element elementor-element-a96aee4 animated-slow elementor-invisible elementor-widget elementor-widget-heading\" data-id=\"a96aee4\" data-element_type=\"widget\" data-settings=\"{&quot;_animation&quot;:&quot;slideInUp&quot;}\" data-widget_type=\"heading.default\">\n\t\t\t\t<div class=\"elementor-widget-container\">\n\t\t\t<h2 class=\"elementor-heading-title elementor-size-default\">Neutr\u00e9es<\/h2>\t\t<\/div>\n\t\t\t\t<\/div>\n\t\t\t\t\t<\/div>\n\t\t\t\t<\/div>\n\t\t<div class=\"elementor-element elementor-element-5c1f4c9 e-flex e-con-boxed e-con e-parent\" data-id=\"5c1f4c9\" data-element_type=\"container\">\n\t\t\t\t\t<div class=\"e-con-inner\">\n\t\t\t\t<div class=\"elementor-element elementor-element-8a7f361 elementor-position-top elementor-widget elementor-widget-image-box\" data-id=\"8a7f361\" data-element_type=\"widget\" data-widget_type=\"image-box.default\">\n\t\t\t\t<div class=\"elementor-widget-container\">\n\t\t\t<div class=\"elementor-image-box-wrapper\"><figure class=\"elementor-image-box-img\"><img fetchpriority=\"high\" decoding=\"async\" width=\"1352\" height=\"1796\" src=\"https:\/\/i0.wp.com\/maine-coon.lu\/wp-content\/uploads\/2023\/08\/6924D3DA-3255-46B1-8AF8-E5AA8CD382CB-scaled-e1692908020312.jpeg?fit=1352%2C1796&amp;ssl=1\" class=\"attachment-full size-full wp-image-141\" alt=\"\" srcset=\"https:\/\/i0.wp.com\/maine-coon.lu\/wp-content\/uploads\/2023\/08\/6924D3DA-3255-46B1-8AF8-E5AA8CD382CB-scaled-e1692908020312.jpeg?w=1352&amp;ssl=1 1352w, https:\/\/i0.wp.com\/maine-coon.lu\/wp-content\/uploads\/2023\/08\/6924D3DA-3255-46B1-8AF8-E5AA8CD382CB-scaled-e1692908020312.jpeg?resize=226%2C300&amp;ssl=1 226w, https:\/\/i0.wp.com\/maine-coon.lu\/wp-content\/uploads\/2023\/08\/6924D3DA-3255-46B1-8AF8-E5AA8CD382CB-scaled-e1692908020312.jpeg?resize=771%2C1024&amp;ssl=1 771w, https:\/\/i0.wp.com\/maine-coon.lu\/wp-content\/uploads\/2023\/08\/6924D3DA-3255-46B1-8AF8-E5AA8CD382CB-scaled-e1692908020312.jpeg?resize=768%2C1020&amp;ssl=1 768w, https:\/\/i0.wp.com\/maine-coon.lu\/wp-content\/uploads\/2023\/08\/6924D3DA-3255-46B1-8AF8-E5AA8CD382CB-scaled-e1692908020312.jpeg?resize=1156%2C1536&amp;ssl=1 1156w\" sizes=\"(max-width: 800px) 100vw, 800px\" \/><\/figure><div class=\"elementor-image-box-content\"><h3 class=\"elementor-image-box-title\">Qiara vom Ghost Canyon (Qiara)<\/h3><p class=\"elementor-image-box-description\">N\u00e9e: 17.05.2008<br>D\u00e9c\u00e9d\u00e9e: 09.01.2025 (en raison de son age de presque 17 ans)<br>bluetorbie classic smoke (gs 22)<br>Parents: Little John of Chamberlain (es 09 22) X Jade Cocoon of Little Chiefs (f 22)<br>           <br>Pas de titres comme elle n'a jamais particip\u00e9 \u00e0 une exposition.<br><br>St\u00e9rilis\u00e9e en raison de son age.<\/p><\/div><\/div>\t\t<\/div>\n\t\t\t\t<\/div>\n\t\t\t\t\t<\/div>\n\t\t\t\t<\/div>\n\t\t<div class=\"elementor-element elementor-element-fecd7c2 e-flex e-con-boxed e-con e-parent\" data-id=\"fecd7c2\" data-element_type=\"container\">\n\t\t\t\t\t<div class=\"e-con-inner\">\n\t\t\t\t<div class=\"elementor-element elementor-element-31ef1e0 elementor-position-top elementor-widget elementor-widget-image-box\" data-id=\"31ef1e0\" data-element_type=\"widget\" data-widget_type=\"image-box.default\">\n\t\t\t\t<div class=\"elementor-widget-container\">\n\t\t\t<div class=\"elementor-image-box-wrapper\"><figure class=\"elementor-image-box-img\"><img decoding=\"async\" width=\"1480\" height=\"2180\" src=\"https:\/\/i0.wp.com\/maine-coon.lu\/wp-content\/uploads\/2023\/08\/00466488-B572-417C-8521-3E0D748858A8-scaled-e1692908062601.jpeg?fit=1480%2C2180&amp;ssl=1\" class=\"attachment-full size-full wp-image-136\" alt=\"\" srcset=\"https:\/\/i0.wp.com\/maine-coon.lu\/wp-content\/uploads\/2023\/08\/00466488-B572-417C-8521-3E0D748858A8-scaled-e1692908062601.jpeg?w=1480&amp;ssl=1 1480w, https:\/\/i0.wp.com\/maine-coon.lu\/wp-content\/uploads\/2023\/08\/00466488-B572-417C-8521-3E0D748858A8-scaled-e1692908062601.jpeg?resize=204%2C300&amp;ssl=1 204w, https:\/\/i0.wp.com\/maine-coon.lu\/wp-content\/uploads\/2023\/08\/00466488-B572-417C-8521-3E0D748858A8-scaled-e1692908062601.jpeg?resize=695%2C1024&amp;ssl=1 695w, https:\/\/i0.wp.com\/maine-coon.lu\/wp-content\/uploads\/2023\/08\/00466488-B572-417C-8521-3E0D748858A8-scaled-e1692908062601.jpeg?resize=768%2C1131&amp;ssl=1 768w, https:\/\/i0.wp.com\/maine-coon.lu\/wp-content\/uploads\/2023\/08\/00466488-B572-417C-8521-3E0D748858A8-scaled-e1692908062601.jpeg?resize=1043%2C1536&amp;ssl=1 1043w, https:\/\/i0.wp.com\/maine-coon.lu\/wp-content\/uploads\/2023\/08\/00466488-B572-417C-8521-3E0D748858A8-scaled-e1692908062601.jpeg?resize=1390%2C2048&amp;ssl=1 1390w\" sizes=\"(max-width: 800px) 100vw, 800px\" \/><\/figure><div class=\"elementor-image-box-content\"><h3 class=\"elementor-image-box-title\">Lady Daisy of Luzilinburug (Daisy)<br>Supreme Premior<\/h3><p class=\"elementor-image-box-description\">N\u00e9e: 04.07.2017<br>blacktorbie classic smoke (fs 22)<br>Parents: Sir Amadeo of Luzilinburug (es 22) X Ibi von den Sternentigern (f 23)<br>           <br>Premior: 17.06.2023 \u00e0 Mennessy (FR)<br>International Premior: 02.07.2023 \u00e0 Reusel (NL)<br>Grand International Premior: 09.12.2023 \u00e0 Wij bij Duurstede (NL)<br>Supreme Premior: 17.08.2024 \u00e0 Glabbeek (BE)<br><br>National Winner 2023 en tant que Neutr\u00e9e Cat 2.<br>St\u00e9rilis\u00e9e par sa famille quand elle \u00e9tait hors de la chatterie pendant quelques ann\u00e9es et qu'elle est revenue apr\u00e8s.<\/p><\/div><\/div>\t\t<\/div>\n\t\t\t\t<\/div>\n\t\t\t\t\t<\/div>\n\t\t\t\t<\/div>\n\t\t<div class=\"elementor-element elementor-element-599af55 e-flex e-con-boxed e-con e-parent\" data-id=\"599af55\" data-element_type=\"container\">\n\t\t\t\t\t<div class=\"e-con-inner\">\n\t\t\t\t<div class=\"elementor-element elementor-element-d5dfb4e elementor-position-top elementor-widget elementor-widget-image-box\" data-id=\"d5dfb4e\" data-element_type=\"widget\" data-widget_type=\"image-box.default\">\n\t\t\t\t<div class=\"elementor-widget-container\">\n\t\t\t<div class=\"elementor-image-box-wrapper\"><figure class=\"elementor-image-box-img\"><img decoding=\"async\" width=\"1066\" height=\"1126\" src=\"https:\/\/i0.wp.com\/maine-coon.lu\/wp-content\/uploads\/2023\/08\/78FF6A10-9085-49C7-B3E0-0F9163021BFF-e1692997261128.jpeg?fit=1066%2C1126&amp;ssl=1\" class=\"attachment-full size-full wp-image-143\" alt=\"\" srcset=\"https:\/\/i0.wp.com\/maine-coon.lu\/wp-content\/uploads\/2023\/08\/78FF6A10-9085-49C7-B3E0-0F9163021BFF-e1692997261128.jpeg?w=1066&amp;ssl=1 1066w, https:\/\/i0.wp.com\/maine-coon.lu\/wp-content\/uploads\/2023\/08\/78FF6A10-9085-49C7-B3E0-0F9163021BFF-e1692997261128.jpeg?resize=284%2C300&amp;ssl=1 284w, https:\/\/i0.wp.com\/maine-coon.lu\/wp-content\/uploads\/2023\/08\/78FF6A10-9085-49C7-B3E0-0F9163021BFF-e1692997261128.jpeg?resize=969%2C1024&amp;ssl=1 969w, https:\/\/i0.wp.com\/maine-coon.lu\/wp-content\/uploads\/2023\/08\/78FF6A10-9085-49C7-B3E0-0F9163021BFF-e1692997261128.jpeg?resize=768%2C811&amp;ssl=1 768w\" sizes=\"(max-width: 800px) 100vw, 800px\" \/><\/figure><div class=\"elementor-image-box-content\"><h3 class=\"elementor-image-box-title\">L-Lady Mogwai of Luzilinburug (Mogy)<br>International Champion<\/h3><p class=\"elementor-image-box-description\">N\u00e9e: 03.01.2020<br>black white smoke (ns 01)<br>Parents: Jeremy of Seven Souls (ns 03) X Chanel No 5 aus der H\u00f6hle des L\u00f6wen (ns 22)<br>           <br>Champion: 03.01.2020 \u00e0 Gross-Zimmern (DE)<br>International Champion: 21.08.2021 \u00e0 Glabbeek (BE)<br><br>Test\u00e9e g\u00e9n\u00e9tiquement sur toutes les maladies g\u00e9n\u00e9tiques (HCM, PKD, PKDef, PRA, SMA, GSDIV).<br>St\u00e9rilis\u00e9es en raison d'une mastite lors de sa premi\u00e8re port\u00e9e.<\/p><\/div><\/div>\t\t<\/div>\n\t\t\t\t<\/div>\n\t\t\t\t\t<\/div>\n\t\t\t\t<\/div>\n\t\t\t\t<\/div>\n\t\t","protected":false},"excerpt":{"rendered":"<p>Neutr\u00e9es Qiara vom Ghost Canyon (Qiara) N\u00e9e: 17.05.2008D\u00e9c\u00e9d\u00e9e: 09.01.2025 (en raison de son age de presque 17 ans)bluetorbie classic smoke (gs 22)Parents: Little John of Chamberlain (es 09 22) X Jade Cocoon of Little Chiefs (f 22) Pas de titres comme elle n&#8217;a jamais particip\u00e9 \u00e0 une exposition. St\u00e9rilis\u00e9e en raison de son age. Lady [&hellip;]<\/p>\n","protected":false},"author":1,"featured_media":0,"parent":0,"menu_order":0,"comment_status":"closed","ping_status":"closed","template":"","meta":{"footnotes":""},"class_list":["post-862","page","type-page","status-publish","hentry"],"jetpack_sharing_enabled":true,"_links":{"self":[{"href":"https:\/\/maine-coon.lu\/index.php\/wp-json\/wp\/v2\/pages\/862","targetHints":{"allow":["GET"]}}],"collection":[{"href":"https:\/\/maine-coon.lu\/index.php\/wp-json\/wp\/v2\/pages"}],"about":[{"href":"https:\/\/maine-coon.lu\/index.php\/wp-json\/wp\/v2\/types\/page"}],"author":[{"embeddable":true,"href":"https:\/\/maine-coon.lu\/index.php\/wp-json\/wp\/v2\/users\/1"}],"replies":[{"embeddable":true,"href":"https:\/\/maine-coon.lu\/index.php\/wp-json\/wp\/v2\/comments?post=862"}],"version-history":[{"count":37,"href":"https:\/\/maine-coon.lu\/index.php\/wp-json\/wp\/v2\/pages\/862\/revisions"}],"predecessor-version":[{"id":1490,"href":"https:\/\/maine-coon.lu\/index.php\/wp-json\/wp\/v2\/pages\/862\/revisions\/1490"}],"wp:attachment":[{"href":"https:\/\/maine-coon.lu\/index.php\/wp-json\/wp\/v2\/media?parent=862"}],"curies":[{"name":"wp","href":"https:\/\/api.w.org\/{rel}","templated":true}]}}