{"id":968,"date":"2023-08-24T21:13:19","date_gmt":"2023-08-24T19:13:19","guid":{"rendered":"https:\/\/maine-coon.lu\/?page_id=968"},"modified":"2024-07-01T16:49:29","modified_gmt":"2024-07-01T14:49:29","slug":"privacy-2","status":"publish","type":"page","link":"https:\/\/maine-coon.lu\/index.php\/fr\/privacy-2\/","title":{"rendered":"Privacy-FR"},"content":{"rendered":"\t\t<div data-elementor-type=\"wp-page\" data-elementor-id=\"968\" class=\"elementor elementor-968\">\n\t\t\t\t<div class=\"elementor-element elementor-element-8fe32d3 e-flex e-con-boxed e-con e-parent\" data-id=\"8fe32d3\" data-element_type=\"container\">\n\t\t\t\t\t<div class=\"e-con-inner\">\n\t\t\t\t<div class=\"elementor-element elementor-element-364d68f animated-slow elementor-invisible elementor-widget elementor-widget-heading\" data-id=\"364d68f\" data-element_type=\"widget\" data-settings=\"{&quot;_animation&quot;:&quot;slideInUp&quot;}\" data-widget_type=\"heading.default\">\n\t\t\t\t<div class=\"elementor-widget-container\">\n\t\t\t<h2 class=\"elementor-heading-title elementor-size-default\">confidentialit\u00e9<\/h2>\t\t<\/div>\n\t\t\t\t<\/div>\n\t\t\t\t\t<\/div>\n\t\t\t\t<\/div>\n\t\t<div class=\"elementor-element elementor-element-9f426c5 e-flex e-con-boxed e-con e-parent\" data-id=\"9f426c5\" data-element_type=\"container\">\n\t\t\t\t\t<div class=\"e-con-inner\">\n\t\t\t\t<div class=\"elementor-element elementor-element-960a43b elementor-widget elementor-widget-text-editor\" data-id=\"960a43b\" data-element_type=\"widget\" data-widget_type=\"text-editor.default\">\n\t\t\t\t<div class=\"elementor-widget-container\">\n\t\t\t\t\t\t\t<p>Derni\u00e8re mise \u00e0 jour: 21.09.2023<\/p><p>Cette politique de confidentialit\u00e9 d\u00e9crit nos politiques et proc\u00e9dures relatives \u00e0 la collecte, \u00e0 l&rsquo;utilisation et \u00e0 la divulgation de vos informations lorsque vous utilisez le service et vous informe de vos droits \u00e0 la vie priv\u00e9e et de la mani\u00e8re dont la loi vous prot\u00e8ge.<\/p><p>Nous utilisons vos donn\u00e9es personnelles pour fournir et am\u00e9liorer le service. En utilisant le Service, vous acceptez la collecte et l&rsquo;utilisation d&rsquo;informations conform\u00e9ment \u00e0 la pr\u00e9sente politique de confidentialit\u00e9. Cette politique de confidentialit\u00e9 a \u00e9t\u00e9 cr\u00e9\u00e9e \u00e0 l&rsquo;aide du g\u00e9n\u00e9rateur de politique de confidentialit\u00e9.<\/p><p>Interpr\u00e9tation et d\u00e9finitions<\/p><p>Interpr\u00e9tation<\/p><p>Les mots dont la lettre initiale est en majuscule ont des significations d\u00e9finies dans les conditions suivantes. Les d\u00e9finitions suivantes auront la m\u00eame signification qu\u2019elles apparaissent au singulier ou au pluriel.<\/p><p>D\u00e9finitions<\/p><p>Aux fins de cette politique de confidentialit\u00e9\u00a0:<\/p><p>Compte d\u00e9signe un compte unique cr\u00e9\u00e9 pour vous permettre d&rsquo;acc\u00e9der \u00e0 notre service ou \u00e0 des parties de notre service.<\/p><p>Soci\u00e9t\u00e9 affili\u00e9e d\u00e9signe une entit\u00e9 qui contr\u00f4le, est contr\u00f4l\u00e9e par ou est sous contr\u00f4le commun avec un parti, o\u00f9 \u00ab\u00a0contr\u00f4le\u00a0\u00bb d\u00e9signe la propri\u00e9t\u00e9 de 50\u00a0% ou plus des actions, participations ou autres titres donnant droit \u00e0 voter pour l&rsquo;\u00e9lection d&rsquo;administrateurs ou d&rsquo;autres autorit\u00e9s de gestion. .<\/p><p>La soci\u00e9t\u00e9 (d\u00e9sign\u00e9e par \u00ab la Soci\u00e9t\u00e9 \u00bb, \u00ab Nous \u00bb, \u00ab Notre \u00bb ou \u00ab Notre \u00bb dans le pr\u00e9sent Accord) fait r\u00e9f\u00e9rence \u00e0 la chatterie Main Coon de Luzilinburug.<\/p><p>Les cookies sont de petits fichiers plac\u00e9s sur votre ordinateur, appareil mobile ou tout autre appareil par un site Web, contenant les d\u00e9tails de votre historique de navigation sur ce site Web parmi ses nombreuses utilisations.<\/p><p>Le pays fait r\u00e9f\u00e9rence \u00e0\u00a0:\u00a0Luxembourg<\/p><p>Appareil d\u00e9signe tout appareil pouvant acc\u00e9der au Service tel qu&rsquo;un ordinateur, un t\u00e9l\u00e9phone portable ou une tablette num\u00e9rique.<\/p><p>Les donn\u00e9es personnelles sont toute information relative \u00e0 une personne identifi\u00e9e ou identifiable.<\/p><p>Service fait r\u00e9f\u00e9rence au Site Internet.<\/p><p>Prestataire d\u00e9signe toute personne physique ou morale qui traite les donn\u00e9es pour le compte de la Soci\u00e9t\u00e9. Il fait r\u00e9f\u00e9rence \u00e0 des soci\u00e9t\u00e9s tierces ou \u00e0 des personnes employ\u00e9es par la Soci\u00e9t\u00e9 pour faciliter le Service, pour fournir le Service au nom de la Soci\u00e9t\u00e9, pour ex\u00e9cuter des services li\u00e9s au Service ou pour aider la Soci\u00e9t\u00e9 \u00e0 analyser la mani\u00e8re dont le Service est utilis\u00e9.<\/p><p>Les Donn\u00e9es d&rsquo;Utilisation font r\u00e9f\u00e9rence aux donn\u00e9es collect\u00e9es automatiquement, soit g\u00e9n\u00e9r\u00e9es par l&rsquo;utilisation du Service, soit \u00e0 partir de l&rsquo;infrastructure du Service elle-m\u00eame (par exemple, la dur\u00e9e d&rsquo;une visite d&rsquo;une page).<\/p><p>Le site Web fait r\u00e9f\u00e9rence \u00e0 la Chatterie Main Coon de Luzilinburug, accessible depuis maine-coon.lu<\/p><p>Vous d\u00e9signez la personne qui acc\u00e8de ou utilise le Service, ou la soci\u00e9t\u00e9 ou toute autre entit\u00e9 juridique au nom de laquelle cette personne acc\u00e8de ou utilise le Service, selon le cas.<\/p><p>Collecte et utilisation de vos donn\u00e9es personnelles<\/p><p>Types de donn\u00e9es collect\u00e9es<br \/>Donn\u00e9es personnelles<\/p><p>Lors de l&rsquo;utilisation de notre service, nous pouvons vous demander de nous fournir certaines informations personnelles identifiables qui peuvent \u00eatre utilis\u00e9es pour vous contacter ou vous identifier. Les informations personnelles identifiables peuvent inclure, sans s\u2019y limiter\u00a0:<\/p><p>Des donn\u00e9es d&rsquo;utilisation<br \/>Des donn\u00e9es d&rsquo;utilisation<\/p><p>Les donn\u00e9es d&rsquo;utilisation sont collect\u00e9es automatiquement lors de l&rsquo;utilisation du service.<\/p><p>Les donn\u00e9es d&rsquo;utilisation peuvent inclure des informations telles que l&rsquo;adresse de protocole Internet de votre appareil (par exemple, l&rsquo;adresse IP), le type de navigateur, la version du navigateur, les pages de notre service que vous visitez, l&rsquo;heure et la date de votre visite, le temps pass\u00e9 sur ces pages, l&rsquo;appareil unique. identifiants et autres donn\u00e9es de diagnostic.<\/p><p>Lorsque vous acc\u00e9dez au Service via ou via un appareil mobile, nous pouvons collecter automatiquement certaines informations, notamment, mais sans s&rsquo;y limiter, le type d&rsquo;appareil mobile que vous utilisez, l&rsquo;identifiant unique de votre appareil mobile, l&rsquo;adresse IP de votre appareil mobile, votre syst\u00e8me d&rsquo;exploitation, le type de navigateur Internet mobile que vous utilisez, les identifiants uniques de l&rsquo;appareil et d&rsquo;autres donn\u00e9es de diagnostic.<\/p><p>Nous pouvons \u00e9galement collecter des informations que votre navigateur envoie chaque fois que vous visitez notre service ou lorsque vous acc\u00e9dez au service via ou via un appareil mobile.<\/p><p>Technologies de suivi et cookies<\/p><p>Nous utilisons des cookies et des technologies de suivi similaires pour suivre l&rsquo;activit\u00e9 sur notre service et stocker certaines informations. Les technologies de suivi utilis\u00e9es sont des balises, des balises et des scripts pour collecter et suivre des informations et pour am\u00e9liorer et analyser notre service. Les technologies que nous utilisons peuvent inclure\u00a0:<\/p><p>Cookies ou cookies de navigateur. Un cookie est un petit fichier plac\u00e9 sur votre appareil. Vous pouvez demander \u00e0 Votre navigateur de refuser tous les Cookies ou d&rsquo;indiquer lorsqu&rsquo;un Cookie est envoy\u00e9. Cependant, si vous n&rsquo;acceptez pas les cookies, vous ne pourrez peut-\u00eatre pas utiliser certaines parties de notre service. Sauf si vous avez ajust\u00e9 les param\u00e8tres de votre navigateur afin qu&rsquo;il refuse les cookies, notre service peut utiliser des cookies.<br \/>Balises Web. Certaines sections de notre Service et nos e-mails peuvent contenir de petits fichiers \u00e9lectroniques appel\u00e9s balises Web (\u00e9galement appel\u00e9es gifs clairs, balises pixel et gifs \u00e0 pixel unique) qui permettent \u00e0 la Soci\u00e9t\u00e9, par exemple, de compter les utilisateurs qui ont visit\u00e9 ces pages. ou ouvert un e-mail et pour d&rsquo;autres statistiques connexes sur le site Web (par exemple, enregistrer la popularit\u00e9 d&rsquo;une certaine section et v\u00e9rifier l&rsquo;int\u00e9grit\u00e9 du syst\u00e8me et du serveur).<\/p><p>Les cookies peuvent \u00eatre des cookies \u00ab persistants \u00bb ou \u00ab de session \u00bb. Les cookies persistants restent sur votre ordinateur personnel ou appareil mobile lorsque<\/p><ul><li><strong>Cookies or Browser Cookies.<\/strong> A cookie is a small file placed on Your Device. You can instruct Your browser to refuse all Cookies or to indicate when a Cookie is being sent. However, if You do not accept Cookies, You may not be able to use some parts of our Service. Unless you have adjusted Your browser setting so that it will refuse Cookies, our Service may use Cookies.<\/li><li><strong>Web Beacons.<\/strong> Certain sections of our Service\u00a0 and our emails may contain small electronic files known as web beacons (also referred to as clear gifs, pixel tags, and single-pixel gifs) that permit the Company, for example, to count users who have visited those pages or opened an email and for other related website statistics (for example, recording the popularity of a certain section and verifying system and server integrity).<\/li><\/ul><p>Cookies can be \u00ab\u00a0Persistent\u00a0\u00bb or \u00ab\u00a0Session\u00a0\u00bb Cookies. Persistent Cookies remain on Your personal computer or mobile device when You go offline, while Session Cookies are deleted as soon as You close Your web browser. You can learn more about cookies on <a href=\"https:\/\/www.termsfeed.com\/blog\/cookies\/#What_Are_Cookies\">TermsFeed website<\/a> article.<\/p><p>We use both Session and Persistent Cookies for the purposes set out below:<\/p><p><strong>Necessary \/ Essential Cookies<\/strong><\/p><p>Type: Session Cookies<\/p><p>Administered by: Us<\/p><p>Purpose: These Cookies are essential to provide You with services available through the Website and to enable You to use some of its features. They help to authenticate users and prevent fraudulent use of user accounts. Without these Cookies, the services that You have asked for cannot be provided, and We only use these Cookies to provide You with those services.<\/p><p><strong>Cookies Policy \/ Notice Acceptance Cookies<\/strong><\/p><p>Type: Persistent Cookies<\/p><p>Administered by: Us<\/p><p>Purpose: These Cookies identify if users have accepted the use of cookies on the Website.<\/p><p><strong>Functionality Cookies<\/strong><\/p><p>Type: Persistent Cookies<\/p><p>Administered by: Us<\/p><p>Purpose: These Cookies allow us to remember choices You make when You use the Website, such as remembering your login details or language preference. The purpose of these Cookies is to provide You with a more personal experience and to avoid You having to re-enter your preferences every time You use the Website.<\/p><p>For more information about the cookies we use and your choices regarding cookies, please visit our Cookies Policy or the Cookies section of our Privacy Policy.<\/p><h2>Use of Your Personal Data<\/h2><p>The Company may use Personal Data for the following purposes:<\/p><p><strong>To provide and maintain our Service<\/strong>, including to monitor the usage of our Service.<\/p><p><strong>To manage Your Account:<\/strong> to manage Your registration as a user of the Service. The Personal Data You provide can give You access to different functionalities of the Service that are available to You as a registered user.<\/p><p><strong>For the performance of a contract:<\/strong> the development, compliance and undertaking of the purchase contract for the products, items or services You have purchased or of any other contract with Us through the Service.<\/p><p><strong>To contact You:<\/strong> To contact You by email, telephone calls, SMS, or other equivalent forms of electronic communication, such as a mobile application&rsquo;s push notifications regarding updates or informative communications related to the functionalities, products or contracted services, including the security updates, when necessary or reasonable for their implementation.<\/p><p><strong>To provide You<\/strong> with news, special offers and general information about other goods, services and events which we offer that are similar to those that you have already purchased or enquired about unless You have opted not to receive such information.<\/p><p><strong>To manage Your requests:<\/strong> To attend and manage Your requests to Us.<\/p><p><strong>For business transfers:<\/strong> We may use Your information to evaluate or conduct a merger, divestiture, restructuring, reorganization, dissolution, or other sale or transfer of some or all of Our assets, whether as a going concern or as part of bankruptcy, liquidation, or similar proceeding, in which Personal Data held by Us about our Service users is among the assets transferred.<\/p><p><strong>For other purposes<\/strong>: We may use Your information for other purposes, such as data analysis, identifying usage trends, determining the effectiveness of our promotional campaigns and to evaluate and improve our Service, products, services, marketing and your experience.<\/p><p>We may share Your personal information in the following situations:<\/p><ul><li><strong>With Service Providers:<\/strong> We may share Your personal information with Service Providers to monitor and analyze the use of our Service, to contact You.<\/li><li><strong>For business transfers:<\/strong> We may share or transfer Your personal information in connection with, or during negotiations of, any merger, sale of Company assets, financing, or acquisition of all or a portion of Our business to another company.<\/li><li><strong>With Affiliates:<\/strong> We may share Your information with Our affiliates, in which case we will require those affiliates to honor this Privacy Policy. Affiliates include Our parent company and any other subsidiaries, joint venture partners or other companies that We control or that are under common control with Us.<\/li><li><strong>With business partners:<\/strong> We may share Your information with Our business partners to offer You certain products, services or promotions.<\/li><li><strong>With other users:<\/strong> when You share personal information or otherwise interact in the public areas with other users, such information may be viewed by all users and may be publicly distributed outside.<\/li><li><strong>With Your consent<\/strong>: We may disclose Your personal information for any other purpose with Your consent.<\/li><\/ul><h2>Retention of Your Personal Data<\/h2><p>The Company will retain Your Personal Data only for as long as is necessary for the purposes set out in this Privacy Policy. We will retain and use Your Personal Data to the extent necessary to comply with our legal obligations (for example, if we are required to retain your data to comply with applicable laws), resolve disputes, and enforce our legal agreements and policies.<\/p><p>The Company will also retain Usage Data for internal analysis purposes. Usage Data is generally retained for a shorter period of time, except when this data is used to strengthen the security or to improve the functionality of Our Service, or We are legally obligated to retain this data for longer time periods.<\/p><h2>Transfer of Your Personal Data<\/h2><p>Your information, including Personal Data, is processed at the Company&rsquo;s operating offices and in any other places where the parties involved in the processing are located. It means that this information may be transferred to \u2014 and maintained on \u2014 computers located outside of Your state, province, country or other governmental jurisdiction where the data protection laws may differ than those from Your jurisdiction.<\/p><p>Your consent to this Privacy Policy followed by Your submission of such information represents Your agreement to that transfer.<\/p><p>The Company will take all steps reasonably necessary to ensure that Your data is treated securely and in accordance with this Privacy Policy and no transfer of Your Personal Data will take place to an organization or a country unless there are adequate controls in place including the security of Your data and other personal information.<\/p><h2>Delete Your Personal Data<\/h2><p>You have the right to delete or request that We assist in deleting the Personal Data that We have collected about You.<\/p><p>Our Service may give You the ability to delete certain information about You from within the Service.<\/p><p>You may update, amend, or delete Your information at any time by signing in to Your Account, if you have one, and visiting the account settings section that allows you to manage Your personal information. You may also contact Us to request access to, correct, or delete any personal information that You have provided to Us.<\/p><p>Please note, however, that We may need to retain certain information when we have a legal obligation or lawful basis to do so.<\/p><h2>Disclosure of Your Personal Data<\/h2><h3>Business Transactions<\/h3><p>If the Company is involved in a merger, acquisition or asset sale, Your Personal Data may be transferred. We will provide notice before Your Personal Data is transferred and becomes subject to a different Privacy Policy.<\/p><h3>Law enforcement<\/h3><p>Under certain circumstances, the Company may be required to disclose Your Personal Data if required to do so by law or in response to valid requests by public authorities (e.g. a court or a government agency).<\/p><h3>Other legal requirements<\/h3><p>The Company may disclose Your Personal Data in the good faith belief that such action is necessary to:<\/p><ul><li>Comply with a legal obligation<\/li><li>Protect and defend the rights or property of the Company<\/li><li>Prevent or investigate possible wrongdoing in connection with the Service<\/li><li>Protect the personal safety of Users of the Service or the public<\/li><li>Protect against legal liability<\/li><\/ul><h2>Security of Your Personal Data<\/h2><p>The security of Your Personal Data is important to Us, but remember that no method of transmission over the Internet, or method of electronic storage is 100% secure. While We strive to use commercially acceptable means to protect Your Personal Data, We cannot guarantee its absolute security.<\/p><p>Children&rsquo;s Privacy<\/p><p>Our Service does not address anyone under the age of 13. We do not knowingly collect personally identifiable information from anyone under the age of 13. If You are a parent or guardian and You are aware that Your child has provided Us with Personal Data, please contact Us. If We become aware that We have collected Personal Data from anyone under the age of 13 without verification of parental consent, We take steps to remove that information from Our servers.<\/p><p>If We need to rely on consent as a legal basis for processing Your information and Your country requires consent from a parent, We may require Your parent&rsquo;s consent before We collect and use that information.<\/p><p>Links to Other Websites<\/p><p>Our Service may contain links to other websites that are not operated by Us. If You click on a third party link, You will be directed to that third party&rsquo;s site. We strongly advise You to review the Privacy Policy of every site You visit.<\/p><p>We have no control over and assume no responsibility for the content, privacy policies or practices of any third party sites or services.<\/p><p>Changes to this Privacy Policy<\/p><p>We may update Our Privacy Policy from time to time. We will notify You of any changes by posting the new Privacy Policy on this page.<\/p><p>We will let You know via email and\/or a prominent notice on Our Service, prior to the change becoming effective and update the \u00ab\u00a0Last updated\u00a0\u00bb date at the top of this Privacy Policy.<\/p><p>You are advised to review this Privacy Policy periodically for any changes. Changes to this Privacy Policy are effective when they are posted on this page.<\/p><p>Contact Us<\/p><p>If you have any questions about this Privacy Policy, You can contact us:<\/p><ul><li>By email: contact@maine-coon.lu<\/li><\/ul>\t\t\t\t\t\t<\/div>\n\t\t\t\t<\/div>\n\t\t\t\t\t<\/div>\n\t\t\t\t<\/div>\n\t\t\t\t<\/div>\n\t\t","protected":false},"excerpt":{"rendered":"<p>confidentialit\u00e9 Derni\u00e8re mise \u00e0 jour: 21.09.2023 Cette politique de confidentialit\u00e9 d\u00e9crit nos politiques et proc\u00e9dures relatives \u00e0 la collecte, \u00e0 l&#8217;utilisation et \u00e0 la divulgation de vos informations lorsque vous utilisez le service et vous informe de vos droits \u00e0 la vie priv\u00e9e et de la mani\u00e8re dont la loi vous prot\u00e8ge. Nous utilisons vos [&hellip;]<\/p>\n","protected":false},"author":1,"featured_media":0,"parent":0,"menu_order":0,"comment_status":"closed","ping_status":"closed","template":"","meta":{"footnotes":""},"class_list":["post-968","page","type-page","status-publish","hentry"],"jetpack_sharing_enabled":true,"_links":{"self":[{"href":"https:\/\/maine-coon.lu\/index.php\/wp-json\/wp\/v2\/pages\/968","targetHints":{"allow":["GET"]}}],"collection":[{"href":"https:\/\/maine-coon.lu\/index.php\/wp-json\/wp\/v2\/pages"}],"about":[{"href":"https:\/\/maine-coon.lu\/index.php\/wp-json\/wp\/v2\/types\/page"}],"author":[{"embeddable":true,"href":"https:\/\/maine-coon.lu\/index.php\/wp-json\/wp\/v2\/users\/1"}],"replies":[{"embeddable":true,"href":"https:\/\/maine-coon.lu\/index.php\/wp-json\/wp\/v2\/comments?post=968"}],"version-history":[{"count":20,"href":"https:\/\/maine-coon.lu\/index.php\/wp-json\/wp\/v2\/pages\/968\/revisions"}],"predecessor-version":[{"id":1252,"href":"https:\/\/maine-coon.lu\/index.php\/wp-json\/wp\/v2\/pages\/968\/revisions\/1252"}],"wp:attachment":[{"href":"https:\/\/maine-coon.lu\/index.php\/wp-json\/wp\/v2\/media?parent=968"}],"curies":[{"name":"wp","href":"https:\/\/api.w.org\/{rel}","templated":true}]}}