{"id":977,"date":"2023-08-24T21:13:19","date_gmt":"2023-08-24T19:13:19","guid":{"rendered":"https:\/\/maine-coon.lu\/?page_id=977"},"modified":"2024-07-01T16:48:46","modified_gmt":"2024-07-01T14:48:46","slug":"elementor-977","status":"publish","type":"page","link":"https:\/\/maine-coon.lu\/index.php\/de\/elementor-977\/","title":{"rendered":"Privacy-DE"},"content":{"rendered":"\t\t<div data-elementor-type=\"wp-page\" data-elementor-id=\"977\" class=\"elementor elementor-977\">\n\t\t\t\t<div class=\"elementor-element elementor-element-8fe32d3 e-flex e-con-boxed e-con e-parent\" data-id=\"8fe32d3\" data-element_type=\"container\">\n\t\t\t\t\t<div class=\"e-con-inner\">\n\t\t\t\t<div class=\"elementor-element elementor-element-364d68f animated-slow elementor-invisible elementor-widget elementor-widget-heading\" data-id=\"364d68f\" data-element_type=\"widget\" data-settings=\"{&quot;_animation&quot;:&quot;slideInUp&quot;}\" data-widget_type=\"heading.default\">\n\t\t\t\t<div class=\"elementor-widget-container\">\n\t\t\t<h2 class=\"elementor-heading-title elementor-size-default\">datenschutzrichtlinien<\/h2>\t\t<\/div>\n\t\t\t\t<\/div>\n\t\t\t\t\t<\/div>\n\t\t\t\t<\/div>\n\t\t<div class=\"elementor-element elementor-element-9f426c5 e-flex e-con-boxed e-con e-parent\" data-id=\"9f426c5\" data-element_type=\"container\">\n\t\t\t\t\t<div class=\"e-con-inner\">\n\t\t\t\t<div class=\"elementor-element elementor-element-960a43b elementor-widget elementor-widget-text-editor\" data-id=\"960a43b\" data-element_type=\"widget\" data-widget_type=\"text-editor.default\">\n\t\t\t\t<div class=\"elementor-widget-container\">\n\t\t\t\t\t\t\t<p>Letzte Aktualisierung: 21. September 2023<\/p><p>Diese Datenschutzrichtlinie beschreibt unsere Richtlinien und Verfahren zur Erfassung, Nutzung und Offenlegung Ihrer Daten bei der Nutzung des Dienstes und informiert Sie \u00fcber Ihre Datenschutzrechte und dar\u00fcber, wie das Gesetz Sie sch\u00fctzt.<\/p><p>Wir verwenden Ihre personenbezogenen Daten, um den Service bereitzustellen und zu verbessern. Durch die Nutzung des Dienstes stimmen Sie der Erfassung und Nutzung von Informationen gem\u00e4\u00df dieser Datenschutzrichtlinie zu. Diese Datenschutzrichtlinie wurde mit Hilfe des Datenschutzrichtlinien-Generators erstellt.<\/p><p>Interpretation und Definitionen<\/p><h2>Interpretation<\/h2><p>Die W\u00f6rter, deren Anfangsbuchstaben gro\u00df geschrieben werden, haben eine Bedeutung, die unter den folgenden Bedingungen definiert ist. Die folgenden Definitionen haben die gleiche Bedeutung, unabh\u00e4ngig davon, ob sie im Singular oder im Plural erscheinen.<\/p><h2>Definitionen<\/h2><p>F\u00fcr die Zwecke dieser Datenschutzrichtlinie:<\/p><p>\u201e<strong>Konto<\/strong>\u201c bezeichnet ein einzigartiges Konto, das f\u00fcr Sie erstellt wurde, um auf unseren Dienst oder Teile unseres Dienstes zuzugreifen.<\/p><p><strong>Verbundenes Unternehmen<\/strong> bezeichnet ein Unternehmen, das eine Partei kontrolliert, von dieser kontrolliert wird oder unter gemeinsamer Kontrolle mit dieser steht, wobei \u201eKontrolle\u201c den Besitz von 50 % oder mehr der Anteile, Beteiligungen oder anderen Wertpapiere bedeutet, die zur Wahl von Direktoren oder anderen Verwaltungsbefugnissen berechtigt sind .<\/p><p><strong>Cattery<\/strong> (in dieser Vereinbarung entweder als \u201edie Cattery\u201c, \u201ewir\u201c, \u201euns\u201c oder \u201eunser\u201c bezeichnet) bezieht sich auf die Main Coon Cattery von Luzilinburug.<\/p><p><strong>Cookies<\/strong> sind kleine Dateien, die von einer Website auf Ihrem Computer, Mobilger\u00e4t oder einem anderen Ger\u00e4t abgelegt werden und unter anderem die Details Ihres Browserverlaufs auf dieser Website enthalten.<\/p><p><strong>Land<\/strong> bezieht sich auf: Luxemburg<\/p><p>Unter <strong>Ger\u00e4t<\/strong> versteht man jedes Ger\u00e4t, das auf den Dienst zugreifen kann, beispielsweise ein Computer, ein Mobiltelefon oder ein digitales Tablet.<\/p><p><strong>Personenbezogene Daten<\/strong> sind alle Informationen, die sich auf eine identifizierte oder identifizierbare nat\u00fcrliche Person beziehen.<\/p><p>Der <strong>Dienst<\/strong> bezieht sich auf die Website.<\/p><p>Unter <strong>Dienstleister<\/strong> versteht man jede nat\u00fcrliche oder juristische Person, die die Daten im Auftrag der Cattery verarbeitet. Es bezieht sich auf Drittunternehmen oder Einzelpersonen, die von der Cattery beauftragt werden, den Dienst zu erm\u00f6glichen, den Dienst im Namen der Cattery bereitzustellen, mit dem Dienst verbundene Dienste zu erbringen oder die Cattery bei der Analyse der Nutzung des Dienstes zu unterst\u00fctzen.<\/p><p>Unter <strong>Nutzungsdaten<\/strong> versteht man automatisch erfasste Daten, die entweder durch die Nutzung des Dienstes oder aus der Dienstinfrastruktur selbst generiert werden (z. B. die Dauer eines Seitenbesuchs).<\/p><p>Die <strong>Website<\/strong> bezieht sich auf die Main Coon Cattery von Luzilinburug, zug\u00e4nglich \u00fcber maine-coon.lu<\/p><p><br \/><strong>Sie<\/strong> bezieht sich auf die Person, die auf den Dienst zugreift oder ihn nutzt, oder die Cattery oder eine andere juristische Person, in deren Namen diese Person auf den Dienst zugreift oder ihn nutzt, je nach Fall.<\/p><p>Erhebung und Nutzung Ihrer personenbezogenen Daten<\/p><h2>Arten der erfassten Daten<\/h2><h3>Pers\u00f6nliche Daten<\/h3><p>W\u00e4hrend der Nutzung unseres Dienstes bitten wir Sie m\u00f6glicherweise, uns bestimmte personenbezogene Daten zur Verf\u00fcgung zu stellen, die zur Kontaktaufnahme oder Identifizierung mit Ihnen verwendet werden k\u00f6nnen. Pers\u00f6nlich identifizierbare Informationen k\u00f6nnen unter anderem Folgendes umfassen:<\/p><h3>Nutzungsdaten<\/h3><p>Bei der Nutzung des Dienstes werden automatisch Nutzungsdaten erfasst.<\/p><p>Zu den Nutzungsdaten k\u00f6nnen Informationen wie die Internetprotokolladresse Ihres Ger\u00e4ts (z. B. IP-Adresse), der Browsertyp, die Browserversion, die von Ihnen besuchten Seiten unseres Dienstes, die Uhrzeit und das Datum Ihres Besuchs, die auf diesen Seiten verbrachte Zeit und das eindeutige Ger\u00e4t geh\u00f6ren Identifikatoren und andere Diagnosedaten.<\/p><p>Wenn Sie mit oder \u00fcber ein Mobilger\u00e4t auf den Dienst zugreifen, erfassen wir m\u00f6glicherweise automatisch bestimmte Informationen, einschlie\u00dflich, aber nicht beschr\u00e4nkt auf, den Typ des von Ihnen verwendeten Mobilger\u00e4ts, die eindeutige ID Ihres Mobilger\u00e4ts, die IP-Adresse Ihres Mobilger\u00e4ts, Ihr Mobiltelefon Betriebssystem, die Art des von Ihnen verwendeten mobilen Internetbrowsers, eindeutige Ger\u00e4tekennungen und andere Diagnosedaten.<\/p><p>Wir erfassen m\u00f6glicherweise auch Informationen, die Ihr Browser sendet, wenn Sie unseren Dienst besuchen oder wenn Sie mit oder \u00fcber ein mobiles Ger\u00e4t auf den Dienst zugreifen.<\/p><h3>Tracking-Technologien und Cookies<\/h3><p>Wir verwenden Cookies und \u00e4hnliche Tracking-Technologien, um die Aktivit\u00e4t auf unserem Dienst zu verfolgen und bestimmte Informationen zu speichern. Zu den verwendeten Tracking-Technologien geh\u00f6ren Beacons, Tags und Skripte zum Sammeln und Verfolgen von Informationen sowie zur Verbesserung und Analyse unseres Dienstes. Zu den von uns verwendeten Technologien k\u00f6nnen geh\u00f6ren:<\/p><ul><li><strong>Cookies oder Browser-Cookies.<br \/><\/strong> Ein Cookie ist eine kleine Datei, die auf Ihrem Ger\u00e4t abgelegt wird. Sie k\u00f6nnen Ihren Browser anweisen, alle Cookies abzulehnen oder anzuzeigen, wann ein Cookie gesendet wird. Wenn Sie jedoch keine Cookies akzeptieren, k\u00f6nnen Sie m\u00f6glicherweise einige Teile unseres Dienstes nicht nutzen. Sofern Sie Ihren Browser nicht so eingestellt haben, dass er Cookies ablehnt, verwendet unser Dienst m\u00f6glicherweise Cookies.<\/li><li><strong>Web-Beacons.<\/strong> Bestimmte Abschnitte unseres Dienstes und unserer E-Mails k\u00f6nnen kleine elektronische Dateien enthalten, die als Web-Beacons bekannt sind (auch als Clear GIFs, Pixel-Tags und Single-Pixel-GIFs bezeichnet), die es Cattery beispielsweise erm\u00f6glichen, Benutzer zu z\u00e4hlen, die diese Seiten besucht haben oder das \u00d6ffnen einer E-Mail und f\u00fcr andere damit verbundene Website-Statistiken (zum Beispiel die Aufzeichnung der Beliebtheit eines bestimmten Abschnitts und die \u00dcberpr\u00fcfung der System- und Serverintegrit\u00e4t).<\/li><\/ul><p>Cookies k\u00f6nnen \u201epersistente\u201c oder \u201eSitzungs\u201c-Cookies sein. Permanente Cookies verbleiben auf Ihrem pers\u00f6nlichen Computer oder Mobilger\u00e4t, wenn Sie offline gehen, w\u00e4hrend Sitzungscookies gel\u00f6scht werden, sobald Sie Ihren Webbrowser schlie\u00dfen. Weitere Informationen zu Cookies finden Sie im Artikel auf der TermsFeed-Website.<\/p><p>Wir verwenden sowohl Sitzungs- als auch dauerhafte Cookies f\u00fcr die unten aufgef\u00fchrten Zwecke:<\/p><p><strong>Notwendige\/unverzichtbare Cookies<\/strong><\/p><p>Typ: Sitzungscookies<\/p><p>Verwaltet von: Uns<\/p><p>Zweck: Diese Cookies sind unerl\u00e4sslich, um Ihnen die \u00fcber die Website verf\u00fcgbaren Dienste bereitzustellen und Ihnen die Nutzung einiger ihrer Funktionen zu erm\u00f6glichen. Sie helfen dabei, Benutzer zu authentifizieren und die betr\u00fcgerische Nutzung von Benutzerkonten zu verhindern. Ohne diese Cookies k\u00f6nnen die von Ihnen angeforderten Dienste nicht bereitgestellt werden und wir verwenden diese Cookies nur, um Ihnen diese Dienste bereitzustellen.<\/p><p><strong>Cookie-Richtlinie\/Hinweis zur Annahme von Cookies<\/strong><\/p><p>Typ: Permanente Cookies<\/p><p>Verwaltet von: Uns<\/p><p>Zweck: Diese Cookies ermitteln, ob Benutzer die Verwendung von Cookies auf der Website akzeptiert haben.<\/p><p><strong>Funktionalit\u00e4ts-Cookies<\/strong><\/p><p>Typ: Permanente Cookies<\/p><p>Verwaltet von: Uns<\/p><p>Zweck: Mithilfe dieser Cookies k\u00f6nnen wir uns an die von Ihnen bei der Nutzung der Website getroffenen Entscheidungen erinnern, beispielsweise an Ihre Anmeldedaten oder Spracheinstellungen. Der Zweck dieser Cookies besteht darin, Ihnen ein pers\u00f6nlicheres Erlebnis zu bieten und zu vermeiden, dass Sie Ihre Pr\u00e4ferenzen bei jeder Nutzung der Website erneut eingeben m\u00fcssen.<\/p><p>Weitere Informationen zu den von uns verwendeten Cookies und Ihren Wahlm\u00f6glichkeiten in Bezug auf Cookies finden Sie in unserer Cookie-Richtlinie oder im Abschnitt \u201eCookies\u201c unserer Datenschutzrichtlinie.<\/p><h2>Verwendung Ihrer pers\u00f6nlichen Daten<\/h2><p>Die Cattery kann personenbezogene Daten f\u00fcr folgende Zwecke verwenden:<\/p><p><strong>Zur Bereitstellung und Wartung unseres Dienstes<\/strong>, einschlie\u00dflich der \u00dcberwachung der Nutzung unseres Dienstes.<\/p><p><strong>Um Ihr Konto zu verwalten<\/strong>: um Ihre Registrierung als Benutzer des Dienstes zu verwalten. Mit den von Ihnen bereitgestellten personenbezogenen Daten k\u00f6nnen Sie auf verschiedene Funktionen des Dienstes zugreifen, die Ihnen als registrierter Benutzer zur Verf\u00fcgung stehen.<\/p><p><strong>F\u00fcr die Erf\u00fcllung eines Vertrags<\/strong>: die Entwicklung, Einhaltung und Durchf\u00fchrung des Kaufvertrags f\u00fcr die Produkte, Artikel oder Dienstleistungen, die Sie gekauft haben, oder eines anderen Vertrags mit uns \u00fcber den Service.<\/p><p><strong>Um Sie zu kontaktieren<\/strong>: Um Sie per E-Mail, Telefonanruf, SMS oder anderen gleichwertigen Formen der elektronischen Kommunikation zu kontaktieren, wie z. B. Push-Benachrichtigungen einer mobilen Anwendung zu Updates oder informative Mitteilungen im Zusammenhang mit den Funktionalit\u00e4ten, Produkten oder vertraglich vereinbarten Diensten, einschlie\u00dflich der Sicherheitsupdates, wenn dies f\u00fcr deren Umsetzung erforderlich oder zumutbar ist.<\/p><p>Um Ihnen<strong> Neuigkeiten, Sonderangebote und allgemeine Informationen<\/strong> \u00fcber andere von uns angebotene Waren, Dienstleistungen und Veranstaltungen zukommen zu lassen, die denen \u00e4hneln, die Sie bereits gekauft oder angefragt haben, es sei denn, Sie haben sich daf\u00fcr entschieden, solche Informationen nicht zu erhalten.<\/p><p><strong>Um Ihre Anfragen zu verwalten<\/strong>: Um Ihre Anfragen an uns zu bearbeiten und zu verwalten.<\/p><p><strong>F\u00fcr Unternehmens\u00fcbertragungen:<\/strong> Wir k\u00f6nnen Ihre Daten verwenden, um eine Fusion, Ver\u00e4u\u00dferung, Umstrukturierung, Umstrukturierung, Aufl\u00f6sung oder einen anderen Verkauf oder eine andere \u00dcbertragung einiger oder aller unserer Verm\u00f6genswerte zu bewerten oder durchzuf\u00fchren, sei es als Unternehmensfortf\u00fchrung oder im Rahmen einer Insolvenz, Liquidation, oder ein \u00e4hnliches Verfahren, bei dem die von uns gespeicherten personenbezogenen Daten \u00fcber unsere Servicenutzer zu den \u00fcbertragenen Verm\u00f6genswerten geh\u00f6ren.<\/p><p><strong>F\u00fcr andere Zwecke<\/strong>: Wir k\u00f6nnen Ihre Daten f\u00fcr andere Zwecke verwenden, z. B. zur Datenanalyse, zur Identifizierung von Nutzungstrends, zur Bestimmung der Wirksamkeit unserer Werbekampagnen und zur Bewertung und Verbesserung unseres Service, unserer Produkte, Dienstleistungen, unseres Marketings und Ihrer Erfahrung.<\/p><p>Wir k\u00f6nnen Ihre pers\u00f6nlichen Daten in den folgenden Situationen weitergeben:<\/p><ul><li><strong>Mit Dienstanbietern:<\/strong> Wir k\u00f6nnen Ihre personenbezogenen Daten an Dienstanbieter weitergeben, um die Nutzung unseres Dienstes zu \u00fcberwachen und zu analysieren und um Sie zu kontaktieren.<\/li><li><strong>F\u00fcr Gesch\u00e4fts\u00fcbertragungen:<\/strong> Wir k\u00f6nnen Ihre personenbezogenen Daten im Zusammenhang mit oder w\u00e4hrend der Verhandlungen \u00fcber eine Fusion, einen Verkauf von Cattery-Verm\u00f6genswerten, eine Finanzierung oder den Erwerb unseres gesamten oder eines Teils unseres Gesch\u00e4fts an ein anderes Unternehmen weitergeben oder \u00fcbertragen.<\/li><li><strong>Mit verbundenen Unternehmen:<\/strong> Wir k\u00f6nnen Ihre Daten an unsere verbundenen Unternehmen weitergeben. In diesem Fall verlangen wir von diesen, dass sie diese Datenschutzrichtlinie einhalten. Zu den verbundenen Unternehmen z\u00e4hlen unser Mutterverband und alle anderen Tochtergesellschaften, Joint-Venture-Partner oder andere Zwinger oder Verb\u00e4nde, die wir kontrollieren oder die unter gemeinsamer Kontrolle mit uns stehen.<br \/>Mit Gesch\u00e4ftspartnern: Wir k\u00f6nnen Ihre Daten an unsere Gesch\u00e4ftspartner weitergeben, um Ihnen bestimmte Produkte, Dienstleistungen oder Werbeaktionen anzubieten.<\/li><li><strong>Mit anderen Benutzern:<\/strong> Wenn Sie pers\u00f6nliche Informationen teilen oder anderweitig in den \u00f6ffentlichen Bereichen mit anderen Benutzern interagieren, k\u00f6nnen diese Informationen von allen Benutzern eingesehen und au\u00dferhalb \u00f6ffentlich verbreitet werden.<\/li><li><strong>Mit Ihrer Zustimmung:<\/strong> Mit Ihrer Zustimmung k\u00f6nnen wir Ihre personenbezogenen Daten f\u00fcr jeden anderen Zweck offenlegen.<br \/><br \/><\/li><\/ul><h2>Aufbewahrung Ihrer pers\u00f6nlichen Daten<\/h2><p>Die Cattery speichert Ihre personenbezogenen Daten nur so lange, wie es f\u00fcr die in dieser Datenschutzrichtlinie dargelegten Zwecke erforderlich ist. Wir werden Ihre personenbezogenen Daten in dem Umfang aufbewahren und verwenden, der zur Erf\u00fcllung unserer gesetzlichen Verpflichtungen erforderlich ist (z. B. wenn wir Ihre Daten zur Einhaltung geltender Gesetze aufbewahren m\u00fcssen), zur Beilegung von Streitigkeiten und zur Durchsetzung unserer rechtlichen Vereinbarungen und Richtlinien.<\/p><p>Die Cattery speichert au\u00dferdem Nutzungsdaten f\u00fcr interne Analysezwecke. Nutzungsdaten werden im Allgemeinen f\u00fcr einen k\u00fcrzeren Zeitraum gespeichert, es sei denn, diese Daten werden zur St\u00e4rkung der Sicherheit oder zur Verbesserung der Funktionalit\u00e4t unseres Dienstes verwendet oder wir sind gesetzlich verpflichtet, diese Daten f\u00fcr l\u00e4ngere Zeitr\u00e4ume aufzubewahren.<\/p><h2>\u00dcbermittlung Ihrer personenbezogenen Daten<\/h2><p>Ihre Daten, einschlie\u00dflich personenbezogener Daten, werden in den Betriebsb\u00fcros der Cattery und an allen anderen Orten verarbeitet, an denen sich die an der Verarbeitung beteiligten Parteien befinden. Dies bedeutet, dass diese Informationen an Computer \u00fcbertragen und dort gespeichert werden k\u00f6nnen, die sich au\u00dferhalb Ihres Staates, Ihrer Provinz, Ihres Landes oder einer anderen Regierungshoheit befinden, wo die Datenschutzgesetze m\u00f6glicherweise von denen Ihrer Gerichtsbarkeit abweichen.<\/p><p>Ihre Zustimmung zu dieser Datenschutzrichtlinie und die anschlie\u00dfende \u00dcbermittlung dieser Informationen stellen Ihr Einverst\u00e4ndnis mit dieser \u00dcbertragung dar.<\/p><p>Die Cattery wird alle vern\u00fcnftigerweise notwendigen Schritte unternehmen, um sicherzustellen, dass Ihre Daten sicher und in \u00dcbereinstimmung mit dieser Datenschutzrichtlinie behandelt werden und keine \u00dcbermittlung Ihrer personenbezogenen Daten an eine Organisation oder ein Land erfolgt, es sei denn, es sind angemessene Kontrollen vorhanden, einschlie\u00dflich der Sicherheit von Ihre Daten und andere pers\u00f6nliche Informationen.<\/p><h2>L\u00f6schung Ihre pers\u00f6nlichen Daten<\/h2><p>Sie haben das Recht, die von uns \u00fcber Sie erfassten personenbezogenen Daten zu l\u00f6schen oder zu verlangen, dass wir Sie bei der L\u00f6schung unterst\u00fctzen.<\/p><p>Unser Dienst gibt Ihnen m\u00f6glicherweise die M\u00f6glichkeit, bestimmte Informationen \u00fcber Sie innerhalb des Dienstes zu l\u00f6schen.<\/p><p>Sie k\u00f6nnen Ihre Daten jederzeit aktualisieren, \u00e4ndern oder l\u00f6schen, indem Sie sich bei Ihrem Konto anmelden, sofern Sie eines haben, und den Abschnitt mit den Kontoeinstellungen besuchen, in dem Sie Ihre pers\u00f6nlichen Daten verwalten k\u00f6nnen. Sie k\u00f6nnen sich auch an uns wenden, um Zugriff auf die personenbezogenen Daten, die Sie uns zur Verf\u00fcgung gestellt haben, diese zu korrigieren oder zu l\u00f6schen.<\/p><p>Bitte beachten Sie jedoch, dass wir m\u00f6glicherweise bestimmte Informationen aufbewahren m\u00fcssen, wenn wir dazu gesetzlich verpflichtet sind oder eine Rechtsgrundlage haben.<\/p><h2>Offenlegung Ihrer personenbezogenen Daten<br \/>Gesch\u00e4ftliche Transaktionen<\/h2><p>Wenn die Cattery an einer Fusion, \u00dcbernahme oder einem Verkauf von Verm\u00f6genswerten beteiligt ist, k\u00f6nnen Ihre personenbezogenen Daten \u00fcbertragen werden. Wir werden Sie benachrichtigen, bevor Ihre personenbezogenen Daten \u00fcbertragen werden und einer anderen Datenschutzrichtlinie unterliegen.<\/p><h2>Strafverfolgung<\/h2><p>Unter bestimmten Umst\u00e4nden kann die Cattery verpflichtet sein, Ihre personenbezogenen Daten offenzulegen, wenn dies gesetzlich vorgeschrieben ist oder auf berechtigte Anfragen von Beh\u00f6rden (z. B. einem Gericht oder einer Regierungsbeh\u00f6rde) reagiert.<\/p><h2>Sonstige gesetzliche Anforderungen<\/h2><p>Die Cattery kann Ihre personenbezogenen Daten offenlegen, wenn sie nach Treu und Glauben davon ausgeht, dass eine solche Ma\u00dfnahme erforderlich ist, um:<\/p><ul><li>Einer gesetzlichen Verpflichtung nachkommen<\/li><li>Sch\u00fctzen und verteidigen Sie die Rechte oder das Eigentum der Cattery<\/li><li>Verhindern oder untersuchen Sie m\u00f6gliches Fehlverhalten im Zusammenhang mit dem Dienst<\/li><li>Sch\u00fctzen Sie die pers\u00f6nliche Sicherheit der Benutzer des Dienstes oder der \u00d6ffentlichkeit<\/li><li>Sch\u00fctzen Sie sich vor rechtlicher Haftung<\/li><\/ul><h2>Sicherheit Ihrer pers\u00f6nlichen Daten<\/h2><p>Die Sicherheit Ihrer personenbezogenen Daten ist uns wichtig, aber denken Sie daran, dass keine Methode der \u00dcbertragung \u00fcber das Internet oder Methode der elektronischen Speicherung 100 % sicher ist. Obwohl wir bestrebt sind, kommerziell akzeptable Mittel zum Schutz Ihrer personenbezogenen Daten einzusetzen, k\u00f6nnen wir deren absolute Sicherheit nicht garantieren.<\/p><p>Privatsph\u00e4re von Kindern<\/p><p>Unser Service richtet sich nicht an Personen unter 13 Jahren. Wir erfassen wissentlich keine personenbezogenen Daten von Personen unter 13 Jahren. Wenn Sie ein Elternteil oder Erziehungsberechtigter sind und wissen, dass Ihr Kind uns personenbezogene Daten zur Verf\u00fcgung gestellt hat, wenden Sie sich bitte an uns kontaktiere uns. Wenn uns bekannt wird, dass wir personenbezogene Daten von Personen unter 13 Jahren ohne \u00dcberpr\u00fcfung der Zustimmung der Eltern erfasst haben, ergreifen wir Ma\u00dfnahmen, um diese Informationen von unseren Servern zu entfernen.<\/p><p>Wenn wir uns auf die Einwilligung als Rechtsgrundlage f\u00fcr die Verarbeitung Ihrer Daten verlassen m\u00fcssen und Ihr Land die Einwilligung eines Elternteils erfordert, ben\u00f6tigen wir m\u00f6glicherweise die Einwilligung Ihrer Eltern, bevor wir diese Daten erfassen und verwenden.<\/p><p>Links zu anderen Websites<\/p><p>Unser Service kann Links zu anderen Websites enthalten, die nicht von uns betrieben werden. Wenn Sie auf einen Link eines Drittanbieters klicken, werden Sie zur Website dieses Drittanbieters weitergeleitet. Wir empfehlen Ihnen dringend, die Datenschutzrichtlinien jeder von Ihnen besuchten Website zu lesen.<\/p><p>Wir haben keine Kontrolle \u00fcber die Inhalte, Datenschutzrichtlinien oder Praktiken von Websites oder Diensten Dritter und \u00fcbernehmen keine Verantwortung daf\u00fcr.<\/p><p>\u00c4nderungen dieser Datenschutzrichtlinie<\/p><p>Wir k\u00f6nnen unsere Datenschutzrichtlinie von Zeit zu Zeit aktualisieren. Wir werden Sie \u00fcber alle \u00c4nderungen informieren, indem wir die neue Datenschutzrichtlinie auf dieser Seite ver\u00f6ffentlichen.<\/p><p>Wir werden Sie per E-Mail und\/oder durch einen deutlich sichtbaren Hinweis auf unserem Service dar\u00fcber informieren, bevor die \u00c4nderung in Kraft tritt, und das Datum \u201eLetzte Aktualisierung\u201c oben in dieser Datenschutzrichtlinie aktualisieren.<\/p><p>Wir empfehlen Ihnen, diese Datenschutzrichtlinie regelm\u00e4\u00dfig auf etwaige \u00c4nderungen zu \u00fcberpr\u00fcfen. \u00c4nderungen dieser Datenschutzrichtlinie treten in Kraft, wenn sie auf dieser Seite ver\u00f6ffentlicht werden.<\/p><p>Kontaktiere uns<\/p><p>Wenn Sie Fragen zu dieser Datenschutzrichtlinie haben, k\u00f6nnen Sie uns kontaktieren:<\/p><p>Per E-Mail: contact@maine-coon.lu<\/p>\t\t\t\t\t\t<\/div>\n\t\t\t\t<\/div>\n\t\t\t\t\t<\/div>\n\t\t\t\t<\/div>\n\t\t\t\t<\/div>\n\t\t","protected":false},"excerpt":{"rendered":"<p>datenschutzrichtlinien Letzte Aktualisierung: 21. September 2023 Diese Datenschutzrichtlinie beschreibt unsere Richtlinien und Verfahren zur Erfassung, Nutzung und Offenlegung Ihrer Daten bei der Nutzung des Dienstes und informiert Sie \u00fcber Ihre Datenschutzrechte und dar\u00fcber, wie das Gesetz Sie sch\u00fctzt. Wir verwenden Ihre personenbezogenen Daten, um den Service bereitzustellen und zu verbessern. Durch die Nutzung des Dienstes [&hellip;]<\/p>\n","protected":false},"author":1,"featured_media":0,"parent":0,"menu_order":0,"comment_status":"closed","ping_status":"closed","template":"","meta":{"footnotes":""},"class_list":["post-977","page","type-page","status-publish","hentry"],"jetpack_sharing_enabled":true,"_links":{"self":[{"href":"https:\/\/maine-coon.lu\/index.php\/wp-json\/wp\/v2\/pages\/977","targetHints":{"allow":["GET"]}}],"collection":[{"href":"https:\/\/maine-coon.lu\/index.php\/wp-json\/wp\/v2\/pages"}],"about":[{"href":"https:\/\/maine-coon.lu\/index.php\/wp-json\/wp\/v2\/types\/page"}],"author":[{"embeddable":true,"href":"https:\/\/maine-coon.lu\/index.php\/wp-json\/wp\/v2\/users\/1"}],"replies":[{"embeddable":true,"href":"https:\/\/maine-coon.lu\/index.php\/wp-json\/wp\/v2\/comments?post=977"}],"version-history":[{"count":11,"href":"https:\/\/maine-coon.lu\/index.php\/wp-json\/wp\/v2\/pages\/977\/revisions"}],"predecessor-version":[{"id":1249,"href":"https:\/\/maine-coon.lu\/index.php\/wp-json\/wp\/v2\/pages\/977\/revisions\/1249"}],"wp:attachment":[{"href":"https:\/\/maine-coon.lu\/index.php\/wp-json\/wp\/v2\/media?parent=977"}],"curies":[{"name":"wp","href":"https:\/\/api.w.org\/{rel}","templated":true}]}}