{"id":983,"date":"2023-08-24T21:13:19","date_gmt":"2023-08-24T19:13:19","guid":{"rendered":"https:\/\/maine-coon.lu\/?page_id=983"},"modified":"2024-07-01T16:50:26","modified_gmt":"2024-07-01T14:50:26","slug":"elementor-983","status":"publish","type":"page","link":"https:\/\/maine-coon.lu\/index.php\/lu\/elementor-983\/","title":{"rendered":"Privacy-LU"},"content":{"rendered":"\t\t<div data-elementor-type=\"wp-page\" data-elementor-id=\"983\" class=\"elementor elementor-983\">\n\t\t\t\t<div class=\"elementor-element elementor-element-8fe32d3 e-flex e-con-boxed e-con e-parent\" data-id=\"8fe32d3\" data-element_type=\"container\">\n\t\t\t\t\t<div class=\"e-con-inner\">\n\t\t\t\t<div class=\"elementor-element elementor-element-364d68f animated-slow elementor-invisible elementor-widget elementor-widget-heading\" data-id=\"364d68f\" data-element_type=\"widget\" data-settings=\"{&quot;_animation&quot;:&quot;slideInUp&quot;}\" data-widget_type=\"heading.default\">\n\t\t\t\t<div class=\"elementor-widget-container\">\n\t\t\t<h2 class=\"elementor-heading-title elementor-size-default\">datenschutzrichtlinien<\/h2>\t\t<\/div>\n\t\t\t\t<\/div>\n\t\t\t\t\t<\/div>\n\t\t\t\t<\/div>\n\t\t<div class=\"elementor-element elementor-element-9f426c5 e-flex e-con-boxed e-con e-parent\" data-id=\"9f426c5\" data-element_type=\"container\">\n\t\t\t\t\t<div class=\"e-con-inner\">\n\t\t\t\t<div class=\"elementor-element elementor-element-960a43b elementor-widget elementor-widget-text-editor\" data-id=\"960a43b\" data-element_type=\"widget\" data-widget_type=\"text-editor.default\">\n\t\t\t\t<div class=\"elementor-widget-container\">\n\t\t\t\t\t\t\t<p>L\u00e4scht Versioun: 21.09.2023 (d\u00e9i frans\u00e9ich Versioun w.e.g. kucken)<\/p>\t\t\t\t\t\t<\/div>\n\t\t\t\t<\/div>\n\t\t\t\t\t<\/div>\n\t\t\t\t<\/div>\n\t\t\t\t<\/div>\n\t\t","protected":false},"excerpt":{"rendered":"<p>datenschutzrichtlinien L\u00e4scht Versioun: 21.09.2023 (d\u00e9i frans\u00e9ich Versioun w.e.g. kucken)<\/p>\n","protected":false},"author":1,"featured_media":0,"parent":0,"menu_order":0,"comment_status":"closed","ping_status":"closed","template":"","meta":{"footnotes":""},"class_list":["post-983","page","type-page","status-publish","hentry"],"jetpack_sharing_enabled":true,"_links":{"self":[{"href":"https:\/\/maine-coon.lu\/index.php\/wp-json\/wp\/v2\/pages\/983","targetHints":{"allow":["GET"]}}],"collection":[{"href":"https:\/\/maine-coon.lu\/index.php\/wp-json\/wp\/v2\/pages"}],"about":[{"href":"https:\/\/maine-coon.lu\/index.php\/wp-json\/wp\/v2\/types\/page"}],"author":[{"embeddable":true,"href":"https:\/\/maine-coon.lu\/index.php\/wp-json\/wp\/v2\/users\/1"}],"replies":[{"embeddable":true,"href":"https:\/\/maine-coon.lu\/index.php\/wp-json\/wp\/v2\/comments?post=983"}],"version-history":[{"count":14,"href":"https:\/\/maine-coon.lu\/index.php\/wp-json\/wp\/v2\/pages\/983\/revisions"}],"predecessor-version":[{"id":1258,"href":"https:\/\/maine-coon.lu\/index.php\/wp-json\/wp\/v2\/pages\/983\/revisions\/1258"}],"wp:attachment":[{"href":"https:\/\/maine-coon.lu\/index.php\/wp-json\/wp\/v2\/media?parent=983"}],"curies":[{"name":"wp","href":"https:\/\/api.w.org\/{rel}","templated":true}]}}